{"id":471,"date":"2021-11-08T14:33:23","date_gmt":"2021-11-08T14:33:23","guid":{"rendered":"https:\/\/www.terredesens.be\/?page_id=471"},"modified":"2026-03-11T09:49:15","modified_gmt":"2026-03-11T09:49:15","slug":"grece","status":"publish","type":"page","link":"https:\/\/www.terredesens.be\/index.php\/grece\/","title":{"rendered":"La Gr\u00e8ce, des mythes antiques aux d\u00e9fis actuels"},"content":{"rendered":"<p>&nbsp;<\/p>\n<h4><strong>La Gr\u00e8ce, des mythes antiques aux d\u00e9fis actuels<\/strong><\/h4>\n<p><img loading=\"lazy\" decoding=\"async\" class=\"wp-image-1827 aligncenter\" src=\"https:\/\/www.terredesens.be\/wp-content\/uploads\/2025\/11\/travel-2152792_1920-1024x683.jpg\" alt=\"\" width=\"608\" height=\"405\" srcset=\"https:\/\/www.terredesens.be\/wp-content\/uploads\/2025\/11\/travel-2152792_1920-1024x683.jpg 1024w, https:\/\/www.terredesens.be\/wp-content\/uploads\/2025\/11\/travel-2152792_1920-300x200.jpg 300w, https:\/\/www.terredesens.be\/wp-content\/uploads\/2025\/11\/travel-2152792_1920-768x512.jpg 768w, https:\/\/www.terredesens.be\/wp-content\/uploads\/2025\/11\/travel-2152792_1920-1536x1024.jpg 1536w, https:\/\/www.terredesens.be\/wp-content\/uploads\/2025\/11\/travel-2152792_1920-174x116.jpg 174w, https:\/\/www.terredesens.be\/wp-content\/uploads\/2025\/11\/travel-2152792_1920.jpg 1920w\" sizes=\"auto, (max-width: 608px) 100vw, 608px\" \/><\/p>\n<p><strong>Dates :<\/strong> du 3 au 9 mai 2026<br \/>\n<strong>Animation :<\/strong> M. Jo\u00ebl Wilemme, guide grand tourisme<\/p>\n<p><a href=\"https:\/\/www.terredesens.be\/index.php\/inscription\/\" target=\"_blank\" rel=\"noopener\"><img loading=\"lazy\" decoding=\"async\" class=\"alignnone wp-image-124\" src=\"https:\/\/www.terredesens.be\/wp-content\/uploads\/2020\/05\/enligne.png\" alt=\"\" width=\"242\" height=\"66\" srcset=\"https:\/\/www.terredesens.be\/wp-content\/uploads\/2020\/05\/enligne.png 828w, https:\/\/www.terredesens.be\/wp-content\/uploads\/2020\/05\/enligne-300x82.png 300w, https:\/\/www.terredesens.be\/wp-content\/uploads\/2020\/05\/enligne-768x210.png 768w\" sizes=\"auto, (max-width: 242px) 100vw, 242px\" \/><\/a><\/p>\n<p style=\"text-align: justify;\"><span style=\"color: #008000;\"><em>Dans l\u2019Antiquit\u00e9, les dieux faisaient partie int\u00e9grante de la vie quotidienne des Grecs. Leur civilisation se caract\u00e9risait par le culte des divinit\u00e9s de l\u2019Olympe et par des rites aujourd\u2019hui disparus, mais dont de nombreux temples, sanctuaires et r\u00e9cits mythologiques gardent une trace toujours vivante. <\/em><\/span><\/p>\n<p style=\"text-align: justify;\"><span style=\"color: #008000;\"><em>Au-del\u00e0 des limites et contradictions inh\u00e9rentes \u00e0 ces croyances, nous verrons qu\u2019elles t\u00e9moignent aussi d\u2019une aspiration profonde des Grecs \u00e0 comprendre le monde, le divin, la beaut\u00e9. C\u2019est dans ce riche terreau culturel et spirituel que saint Paul, louant la religiosit\u00e9 des Ath\u00e9niens, a pu annoncer et d\u00e9velopper le message chr\u00e9tien. <\/em><\/span><\/p>\n<p style=\"text-align: justify;\"><span style=\"color: #008000;\"><em>Au cours de notre voyage, nous explorerons ainsi les fondations de notre culture europ\u00e9enne, et nous r\u00e9fl\u00e9chirons \u00e0 la mani\u00e8re dont elles continuent d\u2019\u00e9clairer les enjeux de notre temps.<\/em><\/span><\/p>\n<p style=\"text-align: justify;\"><span style=\"color: #008000;\"><strong>Programme :<\/strong><\/span><\/p>\n<p style=\"text-align: justify;\"><span style=\"color: #008000;\"><em><strong>1er jour : Comment l\u2019art et l\u2019architecture grecs exprimaient-ils la beaut\u00e9 du divin ?<\/strong> <\/em><\/span><\/p>\n<p style=\"text-align: justify;\"><span style=\"font-size: 16px;\">Vol Bruxelles-Ath\u00e8nes en fin de matin\u00e9e. Visite du Temple de Pos\u00e9idon au Cap Sounion, l\u2019un des sites les plus impressionnants de Gr\u00e8ce. D\u00e9di\u00e9 au dieu de la mer et \u00e0 la force des \u00e9l\u00e9ments, il illustre parfaitement les valeurs et l\u2019esth\u00e9tique de la civilisation grecque antique. Installation pour 1 nuit \u00e0 l\u2019h\u00f4tel Novus (4**** normes locales) \u00e0 Ath\u00e8nes.<\/span><\/p>\n<p style=\"text-align: justify;\"><span style=\"color: #008000;\"><em><strong>2\u00e8 jour : Quel a \u00e9t\u00e9 l\u2019apport de saint Paul en Gr\u00e8ce ?<\/strong>\u00a0<\/em><\/span><\/p>\n<p style=\"text-align: justify;\">Ath\u00e8nes : tour de la ville, l\u2019Acropole, haut lieu sacr\u00e9 de la cit\u00e9, domin\u00e9 par le Parth\u00e9non, t\u00e9moignage des rites et offrandes aux dieux de l\u2019Olympe. L\u2019Ar\u00e9opage, c\u00e9l\u00e8bre pour les assembl\u00e9es de l\u2019Antiquit\u00e9 et le discours de saint Paul. Rencontre d\u2019un t\u00e9moin pour \u00e9voquer la vie religieuse en Gr\u00e8ce (sous r\u00e9serve). Route vers Xylokastro. Installation pour 2 nuits \u00e0 l\u2019h\u00f4tel Riviera (4**** normes locales).<\/p>\n<p style=\"text-align: justify;\"><span style=\"color: #008000;\"><em><strong>3\u00e8 jour : Quel r\u00f4le jouaient les sanctuaires et temples dans la vie quotidienne des Grecs dans l\u2019Antiquit\u00e9 ? Comment les Jeux olympiques refl\u00e9taient-ils leurs valeurs et croyances ? <\/strong>\u00a0<\/em><\/span><\/p>\n<p class=\"p1\"><span class=\"s1\">Visite du site arch\u00e9ologique et du mus\u00e9e d\u2019Olympie, sanctuaire majeur de Zeus o\u00f9 se d\u00e9roulaient les Jeux olympiques en son honneur, v\u00e9ritable f\u00eate religieuse panhell\u00e9nique. Balade dans la ville moderne d\u2019Olympie. Retour \u00e0 l\u2019h\u00f4tel.<\/span><\/p>\n<p style=\"text-align: justify;\"><span style=\"color: #008000;\"><em><strong>4\u00e8 jour : En quoi la rencontre entre la pens\u00e9e grecque et la foi chr\u00e9tienne a-t-elle fa\u00e7onn\u00e9 notre culture europ\u00e9enne actuelle ?<\/strong><\/em><\/span><\/p>\n<p style=\"text-align: justify;\">Visite de l\u2019Ancienne Corinthe, cit\u00e9 prosp\u00e8re avec de grands sanctuaires et c\u00e9l\u00e8bre pour la communaut\u00e9 chr\u00e9tienne naissante \u00e0 laquelle saint Paul \u00e9crivit ses c\u00e9l\u00e8bres lettres. Visite de Myc\u00e8nes, ville l\u00e9gendaire des Atrides c\u00e9l\u00e9brant le culte des anc\u00eatres et des h\u00e9ros. D\u00e9couverte de Nauplie, ville portuaire o\u00f9 l\u2019h\u00e9ritage antique se m\u00eale aux traditions chr\u00e9tiennes, avec d\u00e9gustation d\u2019huile d\u2019olive. Installation pour 3 nuits \u00e0 l\u2019h\u00f4tel Kalamaki Beach \u00e0 Isthmia (4**** normes locales).<\/p>\n<p style=\"text-align: justify;\"><span style=\"color: #008000;\"><em><strong>5\u00e8 jour : Quelle est l\u2019influence de l\u2019\u00c9glise orthodoxe grecque sur la politique et la soci\u00e9t\u00e9 ?<\/strong><\/em><\/span><\/p>\n<p style=\"text-align: justify;\">Visite de Mystras, cit\u00e9 m\u00e9di\u00e9vale, centre religieux et culturel byzantin, t\u00e9moin de la transition de la Gr\u00e8ce antique au christianisme. D\u00e9couverte de Sparte, soci\u00e9t\u00e9 marqu\u00e9e par le culte des dieux guerriers et les rites d\u2019initiation militaire. Retour \u00e0 l\u2019h\u00f4tel.<\/p>\n<p style=\"text-align: justify;\"><span style=\"color: #008000;\"><em><strong>6\u00e8 jour : En quoi la qu\u00eate d\u2019\u00e9quilibre des Grecs entre beaut\u00e9, savoir et spiritualit\u00e9, peut-elle encore nous inspirer aujourd\u2019hui\u00a0?<\/strong><\/em><\/span><\/p>\n<p class=\"p1\"><span class=\"s1\">Visite de l\u2019ancien port des Cenchr\u00e9es, utilis\u00e9 pour les voyages maritimes et emprunt\u00e9 par saint Paul dans les Actes des Ap\u00f4tres. Visite du th\u00e9\u00e2tre d\u2019\u00c9pidaure, sanctuaire d\u2019Ascl\u00e9pios, dieu gu\u00e9risseur, o\u00f9 religion et m\u00e9decine se rejoignaient. Route vers le port de Galatas, travers\u00e9e en bateau \u00e0 Poros. Retour \u00e0 l\u2019h\u00f4tel.<\/span><\/p>\n<p style=\"text-align: justify;\"><span style=\"color: #008000;\"><em><strong>7\u00e8 jour : Comment la Gr\u00e8ce a-t-elle su rena\u00eetre et se r\u00e9inventer \u00e0 travers les \u00e9preuves de son histoire ? Qu\u2019attend-elle des institutions europ\u00e9ennes aujourd\u2019hui\u00a0?<\/strong><\/em><\/span><\/p>\n<p class=\"p1\"><span class=\"s1\">Visite du site arch\u00e9ologique d\u2019Eleusis, sanctuaire consacr\u00e9 au mythe de D\u00e9m\u00e9ter et Pers\u00e9phone, \u00e9voquant le cycle des saisons, mais aussi la vie, la mort et la renaissance. Transfert \u00e0 l\u2019a\u00e9roport d\u2019Ath\u00e8nes et retour en Belgique. Arriv\u00e9e en d\u00e9but de soir\u00e9e.<\/span><\/p>\n<p><span style=\"color: #008000;\"><strong>Prix :<\/strong><\/span> 2.075 \u20ac<\/p>\n<p><strong><span style=\"color: #008000;\">Inclus :<\/span><\/strong>\u00a0<span class=\"s1\">vols en classe \u00e9conomique, car confortable, logement en pension compl\u00e8te du repas du soir du 1<\/span><span class=\"s2\"><sup>er<\/sup><\/span><span class=\"s1\"> jour au repas de midi du dernier jour, eau aux repas, visites guid\u00e9es, oreillettes, balade en bateau, taxes, pourboires, compensation CO<\/span><span class=\"s3\"><sub>2<\/sub><\/span><span class=\"s1\">, assurances assistance et annulation.<\/span><\/p>\n<p><span style=\"color: #008000;\"><strong>Non-inclus : <\/strong><\/span><span class=\"s1\">repas de midi du premier jour, repas du soir du dernier jour, boissons suppl\u00e9mentaires. <\/span><\/p>\n<p><span style=\"color: #008000;\"><strong>Suppl\u00e9ment chambre individuelle :<\/strong><\/span> 335 \u20ac<\/p>\n<p><span style=\"color: #008000;\"><strong>Navette a\u00e9roport :<\/strong><\/span> sur demande, circuit et prix \u00e0 d\u00e9finir.<\/p>\n<p><span style=\"color: #008000;\"><strong>Utile \u00e0 savoir :<\/strong><\/span><\/p>\n<p>&#8211; Voyage pr\u00e9vu pour personnes valides, autonomes pouvant marcher et suivre un groupe sans probl\u00e8me.<\/p>\n<p>&#8211; Carte d\u2019identit\u00e9 valable jusqu\u2019\u00e0 la date de retour pour les ressortissants de l\u2019Union Europ\u00e9enne.<\/p>\n<p>&#8211; Horaires d\u2019aviation sous r\u00e9serve de changements ind\u00e9pendants de notre volont\u00e9.<\/p>\n<p>&#8211; Il faut \u00eatre \u00e0 l\u2019a\u00e9roport 2 heures avant le d\u00e9part.<\/p>\n<p><a href=\"https:\/\/www.terredesens.be\/index.php\/inscription\/\" target=\"_blank\" rel=\"noopener\"><img loading=\"lazy\" decoding=\"async\" class=\"alignnone wp-image-124\" src=\"https:\/\/www.terredesens.be\/wp-content\/uploads\/2020\/05\/enligne.png\" alt=\"\" width=\"242\" height=\"66\" srcset=\"https:\/\/www.terredesens.be\/wp-content\/uploads\/2020\/05\/enligne.png 828w, https:\/\/www.terredesens.be\/wp-content\/uploads\/2020\/05\/enligne-300x82.png 300w, https:\/\/www.terredesens.be\/wp-content\/uploads\/2020\/05\/enligne-768x210.png 768w\" sizes=\"auto, (max-width: 242px) 100vw, 242px\" \/><\/a><\/p>\n","protected":false},"excerpt":{"rendered":"<p>&nbsp; La Gr\u00e8ce, des mythes antiques aux d\u00e9fis actuels Dates : du 3 au 9 mai 2026 Animation : M. Jo\u00ebl Wilemme, guide grand tourisme Dans l\u2019Antiquit\u00e9, les dieux faisaient partie int\u00e9grante de la vie quotidienne des Grecs. Leur civilisation se caract\u00e9risait par le culte des divinit\u00e9s de l\u2019Olympe et par des rites aujourd\u2019hui disparus, [&hellip;]<\/p>\n","protected":false},"author":1,"featured_media":0,"parent":0,"menu_order":0,"comment_status":"closed","ping_status":"closed","template":"","meta":{"site-sidebar-layout":"default","site-content-layout":"default","ast-site-content-layout":"default","site-content-style":"default","site-sidebar-style":"default","ast-global-header-display":"","ast-banner-title-visibility":"","ast-main-header-display":"","ast-hfb-above-header-display":"","ast-hfb-below-header-display":"","ast-hfb-mobile-header-display":"","site-post-title":"disabled","ast-breadcrumbs-content":"","ast-featured-img":"","footer-sml-layout":"","ast-disable-related-posts":"","theme-transparent-header-meta":"default","adv-header-id-meta":"","stick-header-meta":"","header-above-stick-meta":"","header-main-stick-meta":"","header-below-stick-meta":"","astra-migrate-meta-layouts":"set","ast-page-background-enabled":"default","ast-page-background-meta":{"desktop":{"background-color":"var(--ast-global-color-4)","background-image":"","background-repeat":"repeat","background-position":"center center","background-size":"auto","background-attachment":"scroll","background-type":"","background-media":"","overlay-type":"","overlay-color":"","overlay-opacity":"","overlay-gradient":""},"tablet":{"background-color":"","background-image":"","background-repeat":"repeat","background-position":"center center","background-size":"auto","background-attachment":"scroll","background-type":"","background-media":"","overlay-type":"","overlay-color":"","overlay-opacity":"","overlay-gradient":""},"mobile":{"background-color":"","background-image":"","background-repeat":"repeat","background-position":"center center","background-size":"auto","background-attachment":"scroll","background-type":"","background-media":"","overlay-type":"","overlay-color":"","overlay-opacity":"","overlay-gradient":""}},"ast-content-background-meta":{"desktop":{"background-color":"var(--ast-global-color-5)","background-image":"","background-repeat":"repeat","background-position":"center center","background-size":"auto","background-attachment":"scroll","background-type":"","background-media":"","overlay-type":"","overlay-color":"","overlay-opacity":"","overlay-gradient":""},"tablet":{"background-color":"var(--ast-global-color-5)","background-image":"","background-repeat":"repeat","background-position":"center center","background-size":"auto","background-attachment":"scroll","background-type":"","background-media":"","overlay-type":"","overlay-color":"","overlay-opacity":"","overlay-gradient":""},"mobile":{"background-color":"var(--ast-global-color-5)","background-image":"","background-repeat":"repeat","background-position":"center center","background-size":"auto","background-attachment":"scroll","background-type":"","background-media":"","overlay-type":"","overlay-color":"","overlay-opacity":"","overlay-gradient":""}},"footnotes":""},"class_list":["post-471","page","type-page","status-publish","hentry"],"_links":{"self":[{"href":"https:\/\/www.terredesens.be\/index.php\/wp-json\/wp\/v2\/pages\/471","targetHints":{"allow":["GET"]}}],"collection":[{"href":"https:\/\/www.terredesens.be\/index.php\/wp-json\/wp\/v2\/pages"}],"about":[{"href":"https:\/\/www.terredesens.be\/index.php\/wp-json\/wp\/v2\/types\/page"}],"author":[{"embeddable":true,"href":"https:\/\/www.terredesens.be\/index.php\/wp-json\/wp\/v2\/users\/1"}],"replies":[{"embeddable":true,"href":"https:\/\/www.terredesens.be\/index.php\/wp-json\/wp\/v2\/comments?post=471"}],"version-history":[{"count":0,"href":"https:\/\/www.terredesens.be\/index.php\/wp-json\/wp\/v2\/pages\/471\/revisions"}],"wp:attachment":[{"href":"https:\/\/www.terredesens.be\/index.php\/wp-json\/wp\/v2\/media?parent=471"}],"curies":[{"name":"wp","href":"https:\/\/api.w.org\/{rel}","templated":true}]}}