{"id":388,"date":"2021-04-07T14:38:56","date_gmt":"2021-04-07T14:38:56","guid":{"rendered":"https:\/\/www.terredesens.be\/?page_id=388"},"modified":"2026-02-16T11:09:05","modified_gmt":"2026-02-16T11:09:05","slug":"orgues","status":"publish","type":"page","link":"https:\/\/www.terredesens.be\/index.php\/orgues\/","title":{"rendered":"Les orgues au pays des corons"},"content":{"rendered":"<p class=\"p1\"><span class=\"s1\"><b><strong><img loading=\"lazy\" decoding=\"async\" class=\"wp-image-1783 alignleft\" src=\"https:\/\/www.terredesens.be\/wp-content\/uploads\/2025\/02\/orgue_reims-1024x784.jpg\" alt=\"\" width=\"437\" height=\"334\" srcset=\"https:\/\/www.terredesens.be\/wp-content\/uploads\/2025\/02\/orgue_reims-1024x784.jpg 1024w, https:\/\/www.terredesens.be\/wp-content\/uploads\/2025\/02\/orgue_reims-300x230.jpg 300w, https:\/\/www.terredesens.be\/wp-content\/uploads\/2025\/02\/orgue_reims-768x588.jpg 768w, https:\/\/www.terredesens.be\/wp-content\/uploads\/2025\/02\/orgue_reims-152x116.jpg 152w, https:\/\/www.terredesens.be\/wp-content\/uploads\/2025\/02\/orgue_reims.jpg 1280w\" sizes=\"auto, (max-width: 437px) 100vw, 437px\" \/>Dates : <\/strong><\/b>du 27 au 31 juillet 2026<\/span><\/p>\n<p class=\"p1\"><span class=\"s1\"><b>Animation : <\/b><\/span><span class=\"s1\">M. Jean-Luc Lepage, directeur honoraire du Conservatoire A. Sax et<span class=\"Apple-converted-space\">\u00a0 <\/span>organiste \u00e0 la coll\u00e9giale de Dinant et Mme Nicole Dokens, professeur honoraire d\u2019histoire de la musique.<\/span><\/p>\n<p><a href=\"https:\/\/www.terredesens.be\/index.php\/inscription\/\" target=\"_blank\" rel=\"noopener\"><img loading=\"lazy\" decoding=\"async\" class=\"alignnone wp-image-124\" src=\"https:\/\/www.terredesens.be\/wp-content\/uploads\/2020\/05\/enligne-300x82.png\" sizes=\"auto, (max-width: 260px) 100vw, 260px\" srcset=\"https:\/\/www.terredesens.be\/wp-content\/uploads\/2020\/05\/enligne-300x82.png 300w, https:\/\/www.terredesens.be\/wp-content\/uploads\/2020\/05\/enligne-768x210.png 768w, https:\/\/www.terredesens.be\/wp-content\/uploads\/2020\/05\/enligne.png 828w\" alt=\"\" width=\"260\" height=\"71\" \/><\/a><\/p>\n<div class=\"page\" title=\"Page 37\">\n<div class=\"section\">\n<div class=\"layoutArea\">\n<div class=\"column\">\n<p><span style=\"color: #d47400;\"><em>Notre voyage nous emm\u00e8ne au Nord de la France, entre cit\u00e9s industrielles et villages pittoresques, o\u00f9 les orgues ont trouv\u00e9 un \u00e9tonnant terrain d\u2019expression.<br \/>\n\u00c0 chaque \u00e9tape, nous aurons le privil\u00e8ge d\u2019\u00e9couter ces instruments uniques qui rythment la vie par leur puissance et leur d\u00e9licatesse.<br \/>\nLes harmonies des orgues se m\u00ealeront \u00e0 la beaut\u00e9 des paysages et \u00e0 l\u2019atmosph\u00e8re des \u00e9difices, offrant des moments de contemplation, d\u2019\u00e9merveillement et de convivialit\u00e9.<br \/>\nEntre visites et auditions, nous appr\u00e9cierons la richesse de chaque lieu et profiterons de la rencontre d\u2019organistes locaux qui nous partageront leur exp\u00e9rience.<br \/>\nMusiciens ou non, rejoignez-nous dans cette belle aventure !<br \/>\n<\/em><\/span><\/p>\n<\/div>\n<\/div>\n<\/div>\n<\/div>\n<p class=\"p2\"><span class=\"s2\" style=\"color: #ff6600;\"><b>Programme :<\/b><\/span><\/p>\n<p><span style=\"color: #ff6600;\"><em>1<sup>er<\/sup> jour. Introduction<\/em><\/span><\/p>\n<p>D\u00e9part d\u2019Arlon, Libramont, Wanlin, Namur, Charleroi, Mons. Route vers Roubaix o\u00f9 nous visiterons l\u2019\u00e9glise Saint-Martin et d\u00e9couvrirons son orgue au timbre puissant. Poursuite vers Lys-lez-Lannoy et Wasquehal, villages charmants marqu\u00e9s par l\u2019histoire industrielle de la r\u00e9gion. Installation pour le s\u00e9jour \u00e0 Dunkerque (h\u00f4tel 3*** normes locales)<\/p>\n<p><span style=\"color: #ff6600;\"><em>2<sup>\u00e8me<\/sup> jour \u2013 Entre bastions historiques et orgues<\/em><\/span><br \/>\nD\u00e9part pour Aire-sur-la-Lys, ville \u00e0 l\u2019architecture pittoresque, avec visite de son \u00e9glise et audition de son orgue. D\u00e9couverte de B\u00e9thune, c\u00e9l\u00e8bre pour sa Grand-Place et son patrimoine flamand. Audition d\u2019orgue. Route vers Bergues, ville embl\u00e9matique au charme m\u00e9di\u00e9val, d\u00e9couverte de son c\u00e9l\u00e8bre carillon.<\/p>\n<p><span style=\"color: #ff6600;\"><em>3\u00e8 jour &#8211;\u00a0 \u00c9glises, orgues et patrimoine local<\/em><\/span><br \/>\nRoute vers \u00e0 Esquelbecq, village typique avec ses maisons \u00e0 colombages, et audition de l\u2019orgue local.<br \/>\nSaint-Omer nous accueillera avec sa cath\u00e9drale et son orgue remarquable. Passage par Calais et visite de son mus\u00e9e de la dentelle.<\/p>\n<p><span style=\"color: #ff6600;\"><em>4\u00e8 jour \u2013 Travers\u00e9e vers la Flandre<\/em><\/span><br \/>\nVisite de l\u2019\u00e9glise Saint-\u00c9loi \u00e0 Dunkerque et audition de son orgue. Escale \u00e0 Poperinge et Ypres, villes historiques marqu\u00e9es par leur patrimoine architectural et musical. D\u00e9couverte de Westvleteren et d\u00e9couverte d\u2019un autre instrument qui illustre la richesse musicale de la r\u00e9gion.<\/p>\n<p><span style=\"color: #ff6600;\"><em>5<sup>\u00e8me<\/sup> jour \u2013 Retour<\/em><\/span><br \/>\nD\u00e9part vers Lille, d\u00e9couverte de sa cath\u00e9drale, audition de son orgue, route vers Mons, audition d\u2019orgue \u00e0 la coll\u00e9giale Sainte-Waudru. Circuit de d\u00e9pose aux m\u00eame lieux qu\u2019\u00e0 l\u2019aller.<\/p>\n<p><span style=\"color: #ff6600;\"><strong>Prix : 1015 \u20ac<\/strong><\/span><\/p>\n<p class=\"p1\"><span class=\"s1\" style=\"color: #ff6600;\"><b>Inclus<\/b><\/span><span class=\"s2\"><span style=\"color: #ff6600;\"><b> :<\/b><\/span> tr<\/span><span class=\"s2\">ajet en car, logement en h\u00f4tel (3*** normes locales) en chambre double en pension compl\u00e8te du repas de midi du 1er jour au repas de midi du dernier jour, chambre double, visites, pourboires, assurance assistance et annulation.<\/span><\/p>\n<p class=\"p2\"><span class=\"s1\" style=\"color: #ff6600;\"><b>Non-inclus :<\/b><\/span><span class=\"s2\"> boissons aux repas, repas du soir le dernier jour.<\/span><\/p>\n<p class=\"p3\"><span class=\"s2\" style=\"color: #ff6600;\"><strong>Suppl\u00e9ment chambre individuelle :<\/strong> 195 \u20ac<\/span><\/p>\n<div class=\"page\" title=\"Page 37\">\n<div class=\"section\">\n<div class=\"layoutArea\">\n<div class=\"column\">\n<p><span style=\"font-size: 16px;\">Rencontres sous r\u00e9serve.<\/span><\/p>\n<\/div>\n<\/div>\n<\/div>\n<\/div>\n<p class=\"p1\"><span class=\"s1\">Voyage pr\u00e9vu pour personnes valides, autonomes pouvant marcher et suivre un groupe sans probl\u00e8me.<\/span><\/p>\n<p><a href=\"https:\/\/www.terredesens.be\/index.php\/inscription\/\" target=\"_blank\" rel=\"noopener\"><img loading=\"lazy\" decoding=\"async\" class=\"alignnone wp-image-124\" src=\"https:\/\/www.terredesens.be\/wp-content\/uploads\/2020\/05\/enligne-300x82.png\" sizes=\"auto, (max-width: 260px) 100vw, 260px\" srcset=\"https:\/\/www.terredesens.be\/wp-content\/uploads\/2020\/05\/enligne-300x82.png 300w, https:\/\/www.terredesens.be\/wp-content\/uploads\/2020\/05\/enligne-768x210.png 768w, https:\/\/www.terredesens.be\/wp-content\/uploads\/2020\/05\/enligne.png 828w\" alt=\"\" width=\"260\" height=\"71\" \/><\/a><\/p>\n","protected":false},"excerpt":{"rendered":"<p>Dates : du 27 au 31 juillet 2026 Animation : M. Jean-Luc Lepage, directeur honoraire du Conservatoire A. Sax et\u00a0 organiste \u00e0 la coll\u00e9giale de Dinant et Mme Nicole Dokens, professeur honoraire d\u2019histoire de la musique. Notre voyage nous emm\u00e8ne au Nord de la France, entre cit\u00e9s industrielles et villages pittoresques, o\u00f9 les orgues ont [&hellip;]<\/p>\n","protected":false},"author":1,"featured_media":0,"parent":0,"menu_order":0,"comment_status":"closed","ping_status":"closed","template":"","meta":{"site-sidebar-layout":"default","site-content-layout":"default","ast-site-content-layout":"default","site-content-style":"default","site-sidebar-style":"default","ast-global-header-display":"","ast-banner-title-visibility":"","ast-main-header-display":"","ast-hfb-above-header-display":"","ast-hfb-below-header-display":"","ast-hfb-mobile-header-display":"","site-post-title":"","ast-breadcrumbs-content":"","ast-featured-img":"","footer-sml-layout":"","ast-disable-related-posts":"","theme-transparent-header-meta":"default","adv-header-id-meta":"","stick-header-meta":"","header-above-stick-meta":"","header-main-stick-meta":"","header-below-stick-meta":"","astra-migrate-meta-layouts":"set","ast-page-background-enabled":"default","ast-page-background-meta":{"desktop":{"background-color":"var(--ast-global-color-4)","background-image":"","background-repeat":"repeat","background-position":"center center","background-size":"auto","background-attachment":"scroll","background-type":"","background-media":"","overlay-type":"","overlay-color":"","overlay-opacity":"","overlay-gradient":""},"tablet":{"background-color":"","background-image":"","background-repeat":"repeat","background-position":"center center","background-size":"auto","background-attachment":"scroll","background-type":"","background-media":"","overlay-type":"","overlay-color":"","overlay-opacity":"","overlay-gradient":""},"mobile":{"background-color":"","background-image":"","background-repeat":"repeat","background-position":"center center","background-size":"auto","background-attachment":"scroll","background-type":"","background-media":"","overlay-type":"","overlay-color":"","overlay-opacity":"","overlay-gradient":""}},"ast-content-background-meta":{"desktop":{"background-color":"var(--ast-global-color-5)","background-image":"","background-repeat":"repeat","background-position":"center center","background-size":"auto","background-attachment":"scroll","background-type":"","background-media":"","overlay-type":"","overlay-color":"","overlay-opacity":"","overlay-gradient":""},"tablet":{"background-color":"var(--ast-global-color-5)","background-image":"","background-repeat":"repeat","background-position":"center center","background-size":"auto","background-attachment":"scroll","background-type":"","background-media":"","overlay-type":"","overlay-color":"","overlay-opacity":"","overlay-gradient":""},"mobile":{"background-color":"var(--ast-global-color-5)","background-image":"","background-repeat":"repeat","background-position":"center center","background-size":"auto","background-attachment":"scroll","background-type":"","background-media":"","overlay-type":"","overlay-color":"","overlay-opacity":"","overlay-gradient":""}},"footnotes":""},"class_list":["post-388","page","type-page","status-publish","hentry"],"_links":{"self":[{"href":"https:\/\/www.terredesens.be\/index.php\/wp-json\/wp\/v2\/pages\/388","targetHints":{"allow":["GET"]}}],"collection":[{"href":"https:\/\/www.terredesens.be\/index.php\/wp-json\/wp\/v2\/pages"}],"about":[{"href":"https:\/\/www.terredesens.be\/index.php\/wp-json\/wp\/v2\/types\/page"}],"author":[{"embeddable":true,"href":"https:\/\/www.terredesens.be\/index.php\/wp-json\/wp\/v2\/users\/1"}],"replies":[{"embeddable":true,"href":"https:\/\/www.terredesens.be\/index.php\/wp-json\/wp\/v2\/comments?post=388"}],"version-history":[{"count":0,"href":"https:\/\/www.terredesens.be\/index.php\/wp-json\/wp\/v2\/pages\/388\/revisions"}],"wp:attachment":[{"href":"https:\/\/www.terredesens.be\/index.php\/wp-json\/wp\/v2\/media?parent=388"}],"curies":[{"name":"wp","href":"https:\/\/api.w.org\/{rel}","templated":true}]}}