{"id":1867,"date":"2026-02-12T13:41:00","date_gmt":"2026-02-12T13:41:00","guid":{"rendered":"https:\/\/www.terredesens.be\/?page_id=1867"},"modified":"2026-02-16T11:12:30","modified_gmt":"2026-02-16T11:12:30","slug":"senegal-terre-de-cultures-et-de-partages","status":"publish","type":"page","link":"https:\/\/www.terredesens.be\/index.php\/senegal-terre-de-cultures-et-de-partages\/","title":{"rendered":"S\u00e9n\u00e9gal, terre de cultures et de partages"},"content":{"rendered":"<p>&nbsp;<\/p>\n<p><img loading=\"lazy\" decoding=\"async\" class=\"alignnone wp-image-1868\" src=\"https:\/\/www.terredesens.be\/wp-content\/uploads\/2026\/02\/34470011-copie-1024x679.jpg\" alt=\"\" width=\"469\" height=\"311\" srcset=\"https:\/\/www.terredesens.be\/wp-content\/uploads\/2026\/02\/34470011-copie-1024x679.jpg 1024w, https:\/\/www.terredesens.be\/wp-content\/uploads\/2026\/02\/34470011-copie-300x199.jpg 300w, https:\/\/www.terredesens.be\/wp-content\/uploads\/2026\/02\/34470011-copie-768x509.jpg 768w, https:\/\/www.terredesens.be\/wp-content\/uploads\/2026\/02\/34470011-copie-1536x1018.jpg 1536w, https:\/\/www.terredesens.be\/wp-content\/uploads\/2026\/02\/34470011-copie-175x116.jpg 175w, https:\/\/www.terredesens.be\/wp-content\/uploads\/2026\/02\/34470011-copie.jpg 1545w\" sizes=\"auto, (max-width: 469px) 100vw, 469px\" \/><\/p>\n<p><strong>Dates : <\/strong>du 23 novembre au 5 d\u00e9cembre 2026<br \/>\n<strong>Animation :<\/strong> M. Pierre Goffinet, passionn\u00e9 par l\u2019histoire du monde m\u00e9diterran\u00e9en<\/p>\n<p><a href=\"https:\/\/www.terredesens.be\/index.php\/inscription\/\" target=\"_blank\" rel=\"noopener\"><img loading=\"lazy\" decoding=\"async\" class=\"alignnone wp-image-124\" src=\"https:\/\/www.terredesens.be\/wp-content\/uploads\/2020\/05\/enligne.png\" alt=\"\" width=\"242\" height=\"66\" srcset=\"https:\/\/www.terredesens.be\/wp-content\/uploads\/2020\/05\/enligne.png 828w, https:\/\/www.terredesens.be\/wp-content\/uploads\/2020\/05\/enligne-300x82.png 300w, https:\/\/www.terredesens.be\/wp-content\/uploads\/2020\/05\/enligne-768x210.png 768w\" sizes=\"auto, (max-width: 242px) 100vw, 242px\" \/><\/a><\/p>\n<p class=\"Normale\" style=\"margin-top: 2.85pt;\"><span style=\"color: #ff6600;\"><i><span lang=\"FR\" style=\"letter-spacing: -0.3pt;\">Le S\u00e9n\u00e9gal vient de gagner la coupe d\u2019Afrique des nations (CAN) en battant le Maroc. Cette confrontation a \u00e9t\u00e9 aussi un rappel du pass\u00e9 marocain du S\u00e9n\u00e9gal. En effet, le premier colonisateur du S\u00e9n\u00e9gal fut le Maroc des Almoravides d\u00e8s le milieu du 11\u00e8me si\u00e8cle. L\u2019Afrique de l\u2019Ouest subsaharienne constituait \u00e0 cette \u00e9poque un tr\u00e8s grand espace connu pour ses richesses mini\u00e8res (or et sel) et un r\u00e9servoir humain (esclaves noirs) qui firent la fortune des caravaniers. Au 15\u00e8me si\u00e8cle, le Sultan de Marrakech occupa tout le territoire du royaume songha\u00ef dont faisait partie le S\u00e9n\u00e9gal. Il ramena de la r\u00e9gion, une plante encore inconnue appel\u00e9e Tobacco.<br \/>\nProgressivement, aussi \u00e0 partir du 15\u00e8me si\u00e8cle, toute la c\u00f4te fut occup\u00e9e par les Portugais avec des comptoirs commerciaux importants que furent l\u2019\u00eele de Gor\u00e9e et Saint-Louis. Le S\u00e9n\u00e9gal \u00e9tait alors int\u00e9gr\u00e9 dans la traite n\u00e9gri\u00e8re atlantique.<br \/>\nL\u2019occupation fran\u00e7aise d\u00e9buta au milieu du 19\u00e8me si\u00e8cle. L\u2019esclavagisme est aboli en 1848 et le S\u00e9n\u00e9gal de L\u00e9opold S\u00e9dar Senghor obtint son ind\u00e9pendance en 1960.<br \/>\nAujourd\u2019hui, comme beaucoup de pays d\u2019Afrique, le S\u00e9n\u00e9gal cherche \u00e0 exhumer son patrimoine culturel occult\u00e9 par la colonisation. \u00ab Le colonisateur proc\u00e9da habilement \u00e0 l\u2019effacement de tout ce qui \u00e9tait susceptible de perp\u00e9tuer le p\u00f4le de r\u00e9f\u00e9rence du colonis\u00e9\u2026le corps social \u00e9tait transform\u00e9 en une entit\u00e9 errante comme une feuille d\u00e9tach\u00e9e de son arbre\u2026 \u00bb (Sidy Diop, histoire du S\u00e9n\u00e9gal, M\u00e9moire du Gandiolais, l\u2019Harmattan-S\u00e9n\u00e9gal 2019) \u00bb. Le S\u00e9n\u00e9gal aujourd\u2019hui est fier de son histoire, de ses racines, de ses traditions, de son artisanat, de sa gastronomie, de la beaut\u00e9 intacte de ses paysages. Il est aussi un pays multiethnique et multireligieux o\u00f9 le vivre ensemble n\u2019est pas un vain mot. Il conna\u00eet aussi des mutations profondes port\u00e9es par sa jeunesse, mutations familiales et sociales mais aussi entrepreneuriales. Le tourisme \u00e9tant aussi une donn\u00e9e \u00e9conomique importante, le pays b\u00e9n\u00e9ficie d\u2019infrastructures modernes et d\u2019une offre d\u2019h\u00e9bergements en plein d\u00e9veloppement.<br \/>\nNotre p\u00e9riple commencera \u00e0 Dakar pour suivre la c\u00f4te atlantique jusqu\u2019\u00e0 Saint-Louis et la langue de Barbarie. Nous reviendrons ensuite vers le sud et la ville islamique de Touba pour rejoindre la c\u00f4te au sud de Dakar, traverser le fleuve Gamb\u00e8se et la Gambie \u00e0 Farafeni pour p\u00e9n\u00e9trer en Casamance, r\u00e9gion consid\u00e9r\u00e9e comme la perle de l\u2019Afrique de l\u2019Ouest. Le retour est pr\u00e9vu via Banjul, la capitale de la Gambie.<br \/>\nLe S\u00e9n\u00e9gal est donc une exp\u00e9rience de rencontres chaleureuses dans un pays r\u00e9put\u00e9 pour son l\u2019hospitalit\u00e9 (t\u00e9ranga), un labyrinthe de d\u00e9couvertes entre oc\u00e9an atlantique, mangroves, d\u00e9serts arides, patrimoine colonial tr\u00e8s riche, Islam et chr\u00e9tient\u00e9. C\u2019est un des pays des plus color\u00e9s d\u2019Afrique, d\u2019une richesse culturelle exceptionnelle. Un pays arros\u00e9 par quatre fleuves, S\u00e9n\u00e9gal, Gamb\u00e8se, Casamance et Saloum qui sont autant de refuges paradisiaques pour une flore et une faune d\u2019une vari\u00e9t\u00e9 extraordinaire.<br \/>\nLa touche \u00ab Terre de Sens \u00bb ne sera pas oubli\u00e9e ; la rencontre avec des communaut\u00e9s locales \u00e9tant toujours pr\u00e9serv\u00e9e.<br \/>\n<\/span><\/i><\/span><\/p>\n<p><span style=\"color: #ff6600;\"><strong>Prog<\/strong><strong>ramme :<\/strong><\/span><\/p>\n<p><img loading=\"lazy\" decoding=\"async\" class=\"wp-image-1872 alignright\" src=\"https:\/\/www.terredesens.be\/wp-content\/uploads\/2026\/02\/34470026-copie-1024x679.jpg\" alt=\"\" width=\"390\" height=\"259\" srcset=\"https:\/\/www.terredesens.be\/wp-content\/uploads\/2026\/02\/34470026-copie-1024x679.jpg 1024w, https:\/\/www.terredesens.be\/wp-content\/uploads\/2026\/02\/34470026-copie-300x199.jpg 300w, https:\/\/www.terredesens.be\/wp-content\/uploads\/2026\/02\/34470026-copie-768x509.jpg 768w, https:\/\/www.terredesens.be\/wp-content\/uploads\/2026\/02\/34470026-copie-1536x1018.jpg 1536w, https:\/\/www.terredesens.be\/wp-content\/uploads\/2026\/02\/34470026-copie-175x116.jpg 175w, https:\/\/www.terredesens.be\/wp-content\/uploads\/2026\/02\/34470026-copie.jpg 1545w\" sizes=\"auto, (max-width: 390px) 100vw, 390px\" \/><\/p>\n<p><span style=\"color: #ff6600;\"><em>1er jour :<\/em><\/span><br \/>\nD\u00e9collage de Bruxelles en milieu de journ\u00e9e pour Dakar par vol direct. Accueil \u00e0 l\u2019a\u00e9roport et installation pour 2 nuits \u00e0 l\u2019h\u00f4tel Djoloff ou similaire \u00e0 Dakar, capitale de la r\u00e9publique du S\u00e9n\u00e9gal ayant pris son ind\u00e9pendance de la France en 1956. Elle est situ\u00e9e \u00e0 l\u2019extr\u00e9mit\u00e9 de l\u2019Afrique de l\u2019ouest.<\/p>\n<p><span style=\"color: #ff6600;\"><em>2\u00e8 jour : Comment le S\u00e9n\u00e9gal g\u00e8re-t-il sa diaspora et les migrations ?<\/em><\/span><br \/>\nD\u00e9couverte de Gor\u00e9e, \u00eele au large de la m\u00e9tropole de Dakar. Son cadre idyllique actuel est devenu un lieu de m\u00e9moire des 12,5 millions d\u2019esclaves d\u00e9port\u00e9s aux Am\u00e9riques entre 1501 et 1866. Visite de la Maison des Esclaves, du mus\u00e9e historique de l\u2019IFAN. T\u00e9moignage du conservateur. Passage au monument de la renaissance africaine, monument colossal.<\/p>\n<p><span style=\"color: #ff6600;\"><em>3\u00e8 jour : Qu\u2019est-ce que la colonisation (fran\u00e7aise) a apport\u00e9 (en positif et en n\u00e9gatif) au S\u00e9n\u00e9gal ?<\/em><\/span><br \/>\nTour de ville de Dakar : place de l\u2019ind\u00e9pendance et march\u00e9 Kermel. Visite du mus\u00e9e des civilisations africaines, ouvert en 2018 et d\u00e9di\u00e9 aux peuples noirs de l\u2019aube de l\u2019humanit\u00e9 jusqu\u2019\u00e0 nos jours. Passage au sanctuaire marial de Popenguine o\u00f9 chaque ann\u00e9e de nombreux p\u00e8lerins chr\u00e9tiens convergent en p\u00e8lerinage dans ce pays \u00e0 95 % musulman. D\u00e9couverte de Keur Moussa, abbaye b\u00e9n\u00e9dictine fond\u00e9e en 1961 dont la renomm\u00e9e est due \u00e0 la fabrication de koras. Cet instrument traditionnel africain accompagne les chants gr\u00e9goriens. T\u00e9moignage d\u2019un moine. Installation pour une nuit \u00e0 l\u2019h\u00f4tel chez Salim ou similaire au bord du lac Rose.<\/p>\n<p><span style=\"color: #ff6600;\"><em>4\u00e8 jour : Qu\u2019est-ce que la vie monastique peut apporter dans ce pays africain et majoritairement musulman ?<\/em><\/span><br \/>\nD\u00e9couverte du plus grand port artisanal d\u2019Afrique de l\u2019ouest, ce secteur est un des plus important du pays. D\u00e9part pour Tivaouane et rencontre avec la confr\u00e9rie musulmane Tidiane, qui joue un r\u00f4le tr\u00e8s important dans la soci\u00e9t\u00e9 s\u00e9n\u00e9galaise. Nuit\u00e9e confortable au camp R\u00eave de Nomade ou similaire nich\u00e9 dans le d\u00e9sert de Lompoul. Feu de camp avec un conteur peul.<\/p>\n<p><span style=\"color: #ff6600;\"><em>5\u00e8 jour : Comment le pays envisage-t-il de g\u00e9rer l\u2019eau, la production de nourriture, l\u2019alphab\u00e9tisation, la croissance d\u00e9mographique et le changement climatique ?<\/em><\/span><br \/>\nD\u00e9part pour l\u2019embouchure du fleuve S\u00e9n\u00e9gal et embarquement pour une balade sur le fleuve dans le parc national de la Langue de Barbarie o\u00f9 l\u2019on d\u00e9couvre une multitude d\u2019oiseaux. Tour d\u2019orientation en cal\u00e8che de la ville de Saint-Louis, ancienne capitale de l\u2019Afrique-Occidentale fran\u00e7aise. Les artistes et les visiteurs sont s\u00e9duits par son atmosph\u00e8re unique : ses anciennes maisons <img loading=\"lazy\" decoding=\"async\" class=\"wp-image-1871 alignright\" src=\"https:\/\/www.terredesens.be\/wp-content\/uploads\/2026\/02\/Koeur-Moussa-fresques-choeur-copie-1024x679.jpg\" alt=\"\" width=\"386\" height=\"256\" srcset=\"https:\/\/www.terredesens.be\/wp-content\/uploads\/2026\/02\/Koeur-Moussa-fresques-choeur-copie-1024x679.jpg 1024w, https:\/\/www.terredesens.be\/wp-content\/uploads\/2026\/02\/Koeur-Moussa-fresques-choeur-copie-300x199.jpg 300w, https:\/\/www.terredesens.be\/wp-content\/uploads\/2026\/02\/Koeur-Moussa-fresques-choeur-copie-768x509.jpg 768w, https:\/\/www.terredesens.be\/wp-content\/uploads\/2026\/02\/Koeur-Moussa-fresques-choeur-copie-1536x1018.jpg 1536w, https:\/\/www.terredesens.be\/wp-content\/uploads\/2026\/02\/Koeur-Moussa-fresques-choeur-copie-175x116.jpg 175w, https:\/\/www.terredesens.be\/wp-content\/uploads\/2026\/02\/Koeur-Moussa-fresques-choeur-copie.jpg 1545w\" sizes=\"auto, (max-width: 386px) 100vw, 386px\" \/>coloniales, sa proximit\u00e9 de l\u2019oc\u00e9an et surtout la pr\u00e9sence du fleuve S\u00e9n\u00e9gal. Installation pour 2 nuits \u00e0 l\u2019h\u00f4tel mythique de la Poste ou similaire.<\/p>\n<p><span style=\"color: #ff6600;\"><em>6\u00e8 jour : Comment le christianisme et l\u2019islam ont-ils \u00e9t\u00e9 accueillis par les populations locales ?<\/em><\/span><br \/>\nVisite des mus\u00e9es sur la photographie, l\u2019histoire de l\u2019a\u00e9ropostale et passage \u00e0 la cath\u00e9drale r\u00e9cemment r\u00e9nov\u00e9e. D\u00e9couverte de l\u2019artisanat et des cr\u00e9ateurs locaux. Temps libre.<\/p>\n<p><span style=\"color: #ff6600;\"><em>7\u00e8 jour : Qu\u2019est-ce que l\u2019islam et quels sont ses diff\u00e9rents courants ?<\/em><\/span><br \/>\nD\u00e9couverte de la ville sainte de Touba et de sa spectaculaire grande mosqu\u00e9e (tenue d\u00e9cente exig\u00e9e). Immersion dans la ferveur mouride et rencontre avec des religieux de cette confr\u00e9rie influente. Route pour le Saloum. Installation pour 2 nuits \u00e0 l\u2019h\u00f4tel Keur Saloum \u00e0 Toubacouta ou similaire.<\/p>\n<p><span style=\"color: #ff6600;\"><em>8\u00e8 jour : Quel dialogue islamo-chr\u00e9tien peut-on envisager ?<\/em><\/span><br \/>\nJourn\u00e9e en pirogue pour d\u00e9couvrir les \u00eelots coquill\u00e9s et les tumuli s\u00e9r\u00e8res. Rencontre avec l\u2019association Nebeday qui \u0153uvre dans l\u2019environnement. Temps libre au bord d\u2019un bras de mer.<\/p>\n<p><span style=\"color: #ff6600;\"><em>9\u00e8 jour : Comment le S\u00e9n\u00e9gal g\u00e8re les diff\u00e9rentes ethnies qui le compose ?<\/em><\/span><br \/>\nLongue route vers la Casamance en traversant la Gambie, petit pays anglophone qui isole cette partie du S\u00e9n\u00e9gal. Visite de Ziguinchor : la cath\u00e9drale, le centre culturel et le march\u00e9. Installation pour 1 nuit \u00e0 l\u2019h\u00f4tel Kadiangoumagne ou similaire \u00e0 Ziguinchor.<\/p>\n<p><span style=\"color: #ff6600;\"><em>10\u00e8 jour : Comment le S\u00e9n\u00e9gal per\u00e7oit\u2013il l\u2019Europe ?<\/em><\/span><br \/>\nRencontre des gardiens de la tradition au village de la reine Aline Sito\u00e9 Diatta de Cabrousse, h\u00e9ro\u00efne de la r\u00e9sistance s\u00e9n\u00e9galaise et particuli\u00e8rement de la Casamance contre la colonisation fran\u00e7aise. Arr\u00eat \u00e0 Oussouye, ville avec son roi, chef religieux de son royaume qui veille \u00e0 la coh\u00e9sion sociale. Visite de l\u2019\u00e9co-mus\u00e9e Kadioute \u00e0 Boucotte dans la for\u00eat. Son conservateur fait voyager dans le monde secret des diolas. Installation pour 1 nuit \u00e0 l\u2019h\u00f4tel Les Hibiscus ou similaire au Cap Skirring.<\/p>\n<p><span style=\"color: #ff6600;\"><em>11\u00e8 jour : Comment le S\u00e9n\u00e9gal parvient-il \u00e0 concilier paisiblement l\u2019animisme, le christianisme et l\u2019islam ?<\/em><\/span><br \/>\nD\u00e9part pour l\u2019\u00eele de Carabane en pirogue \u00e0 l\u2019embouchure du fleuve Casamance premier comptoir fran\u00e7ais avec des vestiges coloniaux en ruine dans des paysages paradisiaques de plages de sable blanc et de cocotiers sauvages. Poursuite jusqu\u2019\u00e0 Kafountine dans un d\u00e9dale de pal\u00e9tuviers. Installation pour 1 nuit au lodge l\u2019Esperanto ou similaire entre lagune et mer.<\/p>\n<p><span style=\"color: #ff6600;\"><em>12\u00e8 jour : Comment la jeunesse s\u00e9n\u00e9galaise per\u00e7oit-elle son avenir ?<\/em><\/span><br \/>\nVisite du march\u00e9 de Kafountine et rencontre avec la communaut\u00e9 karone qui parle la langue bak. Cette population insulaire assez isol\u00e9e, dot\u00e9e d\u2019une grande coh\u00e9sion sociale consulte encore les f\u00e9tiches. Transfert pour Banjul en Gambie. Vol de nuit international en d\u00e9but de soir\u00e9e.<\/p>\n<p><span style=\"color: #ff6600;\"><em>13\u00e8 jour :<\/em><\/span><br \/>\nArriv\u00e9e matinale \u00e0 Bruxelles.<\/p>\n<p><span style=\"color: #ff6600;\"><strong>Prix : 3290 \u20ac pp<\/strong><\/span><\/p>\n<p><span style=\"color: #ff6600;\"><strong>Inclus<\/strong> <\/span>: vols en avion en classe \u00e9conomique, circuit en car climatis\u00e9, guide francophone qualifi\u00e9, logement en h\u00f4tels 3*** (normes locales) en chambre double avec sanitaires privatifs en pension compl\u00e8te du repas du soir du 1er jour au souper l\u00e9ger de l\u2019avant dernier jour, boissons \u00e0 tous les repas, eau min\u00e9rale en bouteille (1,5 l) tous les jours, oreillettes, visites, entr\u00e9es aux sites indiqu\u00e9s, taxes, taxe pour quitter Banjul par avion, compensation CO2, assurances assistance et annulation, pourboires.<br \/>\n<span style=\"color: #ff6600;\"><strong>Non-inclus :<\/strong><\/span><br \/>\n<span style=\"color: #ff6600;\"><strong>Suppl\u00e9ment chambre individuelle: 390 \u20ac pp<\/strong><\/span><\/p>\n<p>Rencontres, visites et h\u00f4tels sous r\u00e9serve de changements.<\/p>\n<p>Activit\u00e9 pr\u00e9vue pour personne valide, autonome pouvant marcher et suivre un groupe sans probl\u00e8me.<\/p>\n<p><span style=\"color: #ff6600;\"><strong>Bon \u00e0 savoir :<\/strong><\/span><br \/>\n&#8211; passeport d&rsquo;une validit\u00e9 minimale de six mois \u00e0 la date de retour<br \/>\n&#8211; votre carnet de vaccination<br \/>\n&#8211; vaccin fi\u00e8vre jaune fortement conseill\u00e9. Pour plus de renseignements et d\u2019autres vaccins \u00e9ventuels, consultez le site wanda et contactez votre m\u00e9decin traitant<\/p>\n<p>&#8211; pr\u00e9vention et traitement pour la malaria indispensable<\/p>\n<p>&nbsp;<\/p>\n<p><a href=\"https:\/\/www.terredesens.be\/index.php\/inscription\/\" target=\"_blank\" rel=\"noopener\"><img loading=\"lazy\" decoding=\"async\" class=\"alignnone wp-image-124\" src=\"https:\/\/www.terredesens.be\/wp-content\/uploads\/2020\/05\/enligne.png\" alt=\"\" width=\"242\" height=\"66\" srcset=\"https:\/\/www.terredesens.be\/wp-content\/uploads\/2020\/05\/enligne.png 828w, https:\/\/www.terredesens.be\/wp-content\/uploads\/2020\/05\/enligne-300x82.png 300w, https:\/\/www.terredesens.be\/wp-content\/uploads\/2020\/05\/enligne-768x210.png 768w\" sizes=\"auto, (max-width: 242px) 100vw, 242px\" \/><\/a><\/p>\n","protected":false},"excerpt":{"rendered":"<p>&nbsp; Dates : du 23 novembre au 5 d\u00e9cembre 2026 Animation : M. Pierre Goffinet, passionn\u00e9 par l\u2019histoire du monde m\u00e9diterran\u00e9en Le S\u00e9n\u00e9gal vient de gagner la coupe d\u2019Afrique des nations (CAN) en battant le Maroc. Cette confrontation a \u00e9t\u00e9 aussi un rappel du pass\u00e9 marocain du S\u00e9n\u00e9gal. En effet, le premier colonisateur du S\u00e9n\u00e9gal [&hellip;]<\/p>\n","protected":false},"author":1,"featured_media":0,"parent":0,"menu_order":0,"comment_status":"closed","ping_status":"closed","template":"","meta":{"site-sidebar-layout":"default","site-content-layout":"","ast-site-content-layout":"default","site-content-style":"default","site-sidebar-style":"default","ast-global-header-display":"","ast-banner-title-visibility":"","ast-main-header-display":"","ast-hfb-above-header-display":"","ast-hfb-below-header-display":"","ast-hfb-mobile-header-display":"","site-post-title":"","ast-breadcrumbs-content":"","ast-featured-img":"","footer-sml-layout":"","ast-disable-related-posts":"","theme-transparent-header-meta":"default","adv-header-id-meta":"","stick-header-meta":"","header-above-stick-meta":"","header-main-stick-meta":"","header-below-stick-meta":"","astra-migrate-meta-layouts":"set","ast-page-background-enabled":"default","ast-page-background-meta":{"desktop":{"background-color":"var(--ast-global-color-4)","background-image":"","background-repeat":"repeat","background-position":"center center","background-size":"auto","background-attachment":"scroll","background-type":"","background-media":"","overlay-type":"","overlay-color":"","overlay-opacity":"","overlay-gradient":""},"tablet":{"background-color":"","background-image":"","background-repeat":"repeat","background-position":"center center","background-size":"auto","background-attachment":"scroll","background-type":"","background-media":"","overlay-type":"","overlay-color":"","overlay-opacity":"","overlay-gradient":""},"mobile":{"background-color":"","background-image":"","background-repeat":"repeat","background-position":"center center","background-size":"auto","background-attachment":"scroll","background-type":"","background-media":"","overlay-type":"","overlay-color":"","overlay-opacity":"","overlay-gradient":""}},"ast-content-background-meta":{"desktop":{"background-color":"var(--ast-global-color-5)","background-image":"","background-repeat":"repeat","background-position":"center center","background-size":"auto","background-attachment":"scroll","background-type":"","background-media":"","overlay-type":"","overlay-color":"","overlay-opacity":"","overlay-gradient":""},"tablet":{"background-color":"var(--ast-global-color-5)","background-image":"","background-repeat":"repeat","background-position":"center center","background-size":"auto","background-attachment":"scroll","background-type":"","background-media":"","overlay-type":"","overlay-color":"","overlay-opacity":"","overlay-gradient":""},"mobile":{"background-color":"var(--ast-global-color-5)","background-image":"","background-repeat":"repeat","background-position":"center center","background-size":"auto","background-attachment":"scroll","background-type":"","background-media":"","overlay-type":"","overlay-color":"","overlay-opacity":"","overlay-gradient":""}},"footnotes":""},"class_list":["post-1867","page","type-page","status-publish","hentry"],"_links":{"self":[{"href":"https:\/\/www.terredesens.be\/index.php\/wp-json\/wp\/v2\/pages\/1867","targetHints":{"allow":["GET"]}}],"collection":[{"href":"https:\/\/www.terredesens.be\/index.php\/wp-json\/wp\/v2\/pages"}],"about":[{"href":"https:\/\/www.terredesens.be\/index.php\/wp-json\/wp\/v2\/types\/page"}],"author":[{"embeddable":true,"href":"https:\/\/www.terredesens.be\/index.php\/wp-json\/wp\/v2\/users\/1"}],"replies":[{"embeddable":true,"href":"https:\/\/www.terredesens.be\/index.php\/wp-json\/wp\/v2\/comments?post=1867"}],"version-history":[{"count":0,"href":"https:\/\/www.terredesens.be\/index.php\/wp-json\/wp\/v2\/pages\/1867\/revisions"}],"wp:attachment":[{"href":"https:\/\/www.terredesens.be\/index.php\/wp-json\/wp\/v2\/media?parent=1867"}],"curies":[{"name":"wp","href":"https:\/\/api.w.org\/{rel}","templated":true}]}}