{"id":1855,"date":"2026-02-11T16:16:49","date_gmt":"2026-02-11T16:16:49","guid":{"rendered":"https:\/\/www.terredesens.be\/?page_id=1855"},"modified":"2026-02-23T14:18:29","modified_gmt":"2026-02-23T14:18:29","slug":"terre-de-sens-terre-de-ciel","status":"publish","type":"page","link":"https:\/\/www.terredesens.be\/index.php\/terre-de-sens-terre-de-ciel\/","title":{"rendered":"Terre de sens, terre de ciel"},"content":{"rendered":"<div class=\"entry-content clear\">\n<p><em><img loading=\"lazy\" decoding=\"async\" class=\"wp-image-1856 alignleft\" src=\"https:\/\/www.terredesens.be\/wp-content\/uploads\/2026\/02\/DSC_1039-1024x679.jpg\" alt=\"\" width=\"298\" height=\"198\" srcset=\"https:\/\/www.terredesens.be\/wp-content\/uploads\/2026\/02\/DSC_1039-1024x679.jpg 1024w, https:\/\/www.terredesens.be\/wp-content\/uploads\/2026\/02\/DSC_1039-300x199.jpg 300w, https:\/\/www.terredesens.be\/wp-content\/uploads\/2026\/02\/DSC_1039-768x509.jpg 768w, https:\/\/www.terredesens.be\/wp-content\/uploads\/2026\/02\/DSC_1039-1536x1019.jpg 1536w, https:\/\/www.terredesens.be\/wp-content\/uploads\/2026\/02\/DSC_1039-2048x1358.jpg 2048w, https:\/\/www.terredesens.be\/wp-content\/uploads\/2026\/02\/DSC_1039-175x116.jpg 175w\" sizes=\"auto, (max-width: 298px) 100vw, 298px\" \/><\/em><span style=\"color: #ff6600;\"><i><span lang=\"FR\" style=\"letter-spacing: -0.3pt;\">Une visite de l\u2019Observatoire Centre Ardennes \u00e0 Grapfontaine et nous deviendrons des astronomes amateurs aiguisant leur curiosit\u00e9 en levant les yeux vers le ciel\u2026<\/span><\/i><\/span><\/p>\n<p class=\"Normale\" style=\"margin-top: 2.85pt;\"><span style=\"color: #ff6600;\"><i><span lang=\"FR\" style=\"letter-spacing: -0.3pt;\">\u00ab C\u2019est doux, la nuit, de regarder le ciel. Toutes les \u00e9toiles sont fleuries. \u00bb (Saint-Exup\u00e9ry)<\/span><\/i><\/span><\/p>\n<p><span style=\"color: #ff6600;\"><strong>Date :<\/strong><\/span> le vendredi 19 juin 2026<\/p>\n<p><span style=\"color: #ff6600;\"><strong>Animation : <\/strong><\/span>Dominique Lambert, professeur \u00e9m\u00e9rite \u00e0 l\u2019Universit\u00e9 de Namur et au S\u00e9minaire Notre-Dame de Namur et Bernadette Wiame.<\/p>\n<p><span style=\"color: #ff6600;\"><strong>Programme :<\/strong><\/span><\/p>\n<p>La matin\u00e9e sera consacr\u00e9e \u00e0 la visite des lieux : les coupoles avec les t\u00e9lescopes et le plan\u00e9tarium. Nous nous poserons la question : Comment tout cela existe-t-il, o\u00f9 en est la science aujourd\u2019hui ?<\/p>\n<p>L\u2019apr\u00e8s-midi nous questionnerons le sens, le pourquoi de l\u2019univers et de la vie avec l\u2019aide de Dominique Lambert qui s\u2019appuiera sur les travaux de Pascal, G. Lema\u00eetre et Teilhard de Chardin.<\/p>\n<p>Bref, une journ\u00e9e qui nous fera r\u00eaver et nous laissera aussi remplis d\u2019\u00e9tonnements\u2026 \u00e0 ne pas rater !<\/p>\n<p><span style=\"color: #ff6600;\"><strong>Inclus :<\/strong><\/span> entr\u00e9e \u00e0 l\u2019observatoire, visite guid\u00e9e, animation, une boisson chaude et froide.<\/p>\n<p><span style=\"color: #ff6600;\"><strong>Non-inclus :<\/strong><\/span> repas de midi (sous forme de pique-nique \u00e0 emporter).<\/p>\n<p><span style=\"color: #ff6600;\"><strong>Participation :<\/strong> 49 \u20ac<\/span><\/p>\n<p><span style=\"color: #ff6600;\">Inscription au moyen du bulletin d\u2019inscription<\/span>.<\/p>\n<p><span style=\"color: #ff6600;\"><strong>Bon \u00e0 savoir\u00a0:<\/strong><\/span><\/p>\n<div class=\"page\" title=\"Page 31\">\n<div class=\"section\">\n<div class=\"layoutArea\">\n<div class=\"column\">\n<ul>\n<li>Rendez-vous \u00e0 l\u2019observatoire (vaste parking). Si vous offrez ou souhaitez du co-voiturage, merci de contacter notre secr\u00e9tariat.<\/li>\n<li>Chaque personne qui s\u2019inscrit, s\u2019engage \u00e0 participer \u00e0 la totalit\u00e9 de l\u2019animation.<\/li>\n<li>Activit\u00e9 pr\u00e9vue aussi pour personne \u00e0 mobilit\u00e9 r\u00e9duite. Pr\u00e9voir au besoin quelqu\u2019un pour vous v\u00e9hiculer. Merci de le signaler lors de l\u2019inscription.<\/li>\n<\/ul>\n<p><a href=\"https:\/\/www.terredesens.be\/index.php\/inscription\/\" target=\"_blank\" rel=\"noopener noreferrer\"><img loading=\"lazy\" decoding=\"async\" class=\"alignnone wp-image-124\" src=\"https:\/\/www.terredesens.be\/wp-content\/uploads\/2020\/05\/enligne-300x82.png\" alt=\"\" width=\"260\" height=\"71\" srcset=\"https:\/\/www.terredesens.be\/wp-content\/uploads\/2020\/05\/enligne-300x82.png 300w, https:\/\/www.terredesens.be\/wp-content\/uploads\/2020\/05\/enligne-768x210.png 768w, https:\/\/www.terredesens.be\/wp-content\/uploads\/2020\/05\/enligne.png 828w\" sizes=\"auto, (max-width: 260px) 100vw, 260px\" \/><\/a><\/p>\n<\/div>\n<\/div>\n<\/div>\n<\/div>\n<\/div>\n","protected":false},"excerpt":{"rendered":"<p>Une visite de l\u2019Observatoire Centre Ardennes \u00e0 Grapfontaine et nous deviendrons des astronomes amateurs aiguisant leur curiosit\u00e9 en levant les yeux vers le ciel\u2026 \u00ab C\u2019est doux, la nuit, de regarder le ciel. Toutes les \u00e9toiles sont fleuries. \u00bb (Saint-Exup\u00e9ry) Date : le vendredi 19 juin 2026 Animation : Dominique Lambert, professeur \u00e9m\u00e9rite \u00e0 l\u2019Universit\u00e9 [&hellip;]<\/p>\n","protected":false},"author":1,"featured_media":0,"parent":0,"menu_order":0,"comment_status":"closed","ping_status":"closed","template":"","meta":{"site-sidebar-layout":"default","site-content-layout":"","ast-site-content-layout":"default","site-content-style":"default","site-sidebar-style":"default","ast-global-header-display":"","ast-banner-title-visibility":"","ast-main-header-display":"","ast-hfb-above-header-display":"","ast-hfb-below-header-display":"","ast-hfb-mobile-header-display":"","site-post-title":"","ast-breadcrumbs-content":"","ast-featured-img":"","footer-sml-layout":"","ast-disable-related-posts":"","theme-transparent-header-meta":"default","adv-header-id-meta":"","stick-header-meta":"","header-above-stick-meta":"","header-main-stick-meta":"","header-below-stick-meta":"","astra-migrate-meta-layouts":"set","ast-page-background-enabled":"default","ast-page-background-meta":{"desktop":{"background-color":"var(--ast-global-color-4)","background-image":"","background-repeat":"repeat","background-position":"center center","background-size":"auto","background-attachment":"scroll","background-type":"","background-media":"","overlay-type":"","overlay-color":"","overlay-opacity":"","overlay-gradient":""},"tablet":{"background-color":"","background-image":"","background-repeat":"repeat","background-position":"center center","background-size":"auto","background-attachment":"scroll","background-type":"","background-media":"","overlay-type":"","overlay-color":"","overlay-opacity":"","overlay-gradient":""},"mobile":{"background-color":"","background-image":"","background-repeat":"repeat","background-position":"center center","background-size":"auto","background-attachment":"scroll","background-type":"","background-media":"","overlay-type":"","overlay-color":"","overlay-opacity":"","overlay-gradient":""}},"ast-content-background-meta":{"desktop":{"background-color":"var(--ast-global-color-5)","background-image":"","background-repeat":"repeat","background-position":"center center","background-size":"auto","background-attachment":"scroll","background-type":"","background-media":"","overlay-type":"","overlay-color":"","overlay-opacity":"","overlay-gradient":""},"tablet":{"background-color":"var(--ast-global-color-5)","background-image":"","background-repeat":"repeat","background-position":"center center","background-size":"auto","background-attachment":"scroll","background-type":"","background-media":"","overlay-type":"","overlay-color":"","overlay-opacity":"","overlay-gradient":""},"mobile":{"background-color":"var(--ast-global-color-5)","background-image":"","background-repeat":"repeat","background-position":"center center","background-size":"auto","background-attachment":"scroll","background-type":"","background-media":"","overlay-type":"","overlay-color":"","overlay-opacity":"","overlay-gradient":""}},"footnotes":""},"class_list":["post-1855","page","type-page","status-publish","hentry"],"_links":{"self":[{"href":"https:\/\/www.terredesens.be\/index.php\/wp-json\/wp\/v2\/pages\/1855","targetHints":{"allow":["GET"]}}],"collection":[{"href":"https:\/\/www.terredesens.be\/index.php\/wp-json\/wp\/v2\/pages"}],"about":[{"href":"https:\/\/www.terredesens.be\/index.php\/wp-json\/wp\/v2\/types\/page"}],"author":[{"embeddable":true,"href":"https:\/\/www.terredesens.be\/index.php\/wp-json\/wp\/v2\/users\/1"}],"replies":[{"embeddable":true,"href":"https:\/\/www.terredesens.be\/index.php\/wp-json\/wp\/v2\/comments?post=1855"}],"version-history":[{"count":0,"href":"https:\/\/www.terredesens.be\/index.php\/wp-json\/wp\/v2\/pages\/1855\/revisions"}],"wp:attachment":[{"href":"https:\/\/www.terredesens.be\/index.php\/wp-json\/wp\/v2\/media?parent=1855"}],"curies":[{"name":"wp","href":"https:\/\/api.w.org\/{rel}","templated":true}]}}