{"id":1850,"date":"2026-02-11T16:07:07","date_gmt":"2026-02-11T16:07:07","guid":{"rendered":"https:\/\/www.terredesens.be\/?page_id=1850"},"modified":"2026-04-22T07:36:58","modified_gmt":"2026-04-22T07:36:58","slug":"regards-croises-entre-africains-et-europeens","status":"publish","type":"page","link":"https:\/\/www.terredesens.be\/index.php\/regards-croises-entre-africains-et-europeens\/","title":{"rendered":"Regards crois\u00e9s entre Africains et Europ\u00e9ens"},"content":{"rendered":"<p>&nbsp;<\/p>\n<h3>Regards crois\u00e9s entre Africains et Europ\u00e9ens<\/h3>\n<p><img loading=\"lazy\" decoding=\"async\" class=\"wp-image-1851 alignleft\" src=\"https:\/\/www.terredesens.be\/wp-content\/uploads\/2026\/02\/20251122_110741-bis-817x1024.jpg\" alt=\"\" width=\"210\" height=\"263\" srcset=\"https:\/\/www.terredesens.be\/wp-content\/uploads\/2026\/02\/20251122_110741-bis-817x1024.jpg 817w, https:\/\/www.terredesens.be\/wp-content\/uploads\/2026\/02\/20251122_110741-bis-239x300.jpg 239w, https:\/\/www.terredesens.be\/wp-content\/uploads\/2026\/02\/20251122_110741-bis-768x962.jpg 768w, https:\/\/www.terredesens.be\/wp-content\/uploads\/2026\/02\/20251122_110741-bis-1226x1536.jpg 1226w, https:\/\/www.terredesens.be\/wp-content\/uploads\/2026\/02\/20251122_110741-bis-1634x2048.jpg 1634w, https:\/\/www.terredesens.be\/wp-content\/uploads\/2026\/02\/20251122_110741-bis-93x116.jpg 93w, https:\/\/www.terredesens.be\/wp-content\/uploads\/2026\/02\/20251122_110741-bis-scaled.jpg 2043w\" sizes=\"auto, (max-width: 210px) 100vw, 210px\" \/><\/p>\n<p><em><span style=\"color: #ff6600;\">Notre ADN consiste \u00e0 faire voyager les personnes qui nous font confiance et \u00e0 les questionner. Aujourd\u2019hui, nous voyagerons autrement. En effet, nous d\u00e9couvrirons quelques traits du Congo dans le nouveau mus\u00e9e africain de Namur. M. Pie Tshibanda nous racontera avec beaucoup de sensibilit\u00e9 et d\u2019humour son exp\u00e9rience de migrant congolais en Belgique. Mme Bouchat, du service d\u2019Aide aux Personnes D\u00e9plac\u00e9es expliquera l\u2019accueil des migrants et comment sensibiliser les nouveaux arrivants et mettra en lumi\u00e8re les richesses ainsi que les d\u00e9fis de l\u2019interculturalit\u00e9. La journ\u00e9e se terminera par des \u00e9changes entre les participants en vue de r\u00e9fl\u00e9chir en petits groupes sur ce que nous pouvons mettre concr\u00e8tement en route l\u00e0 o\u00f9 nous sommes. Cette journ\u00e9e est une invitation concr\u00e8te \u00e0 mieux comprendre la culture de l\u2019autre, \u00e0 oser le dialogue vrai en vue de changer nos mani\u00e8res de faire.<\/span><\/em><\/p>\n<p><span style=\"color: #ff6600;\"><em>Bienvenue \u00e0 vous pour vivre cette belle exp\u00e9rience humaine riche de d\u00e9couvertes !<\/em><\/span><\/p>\n<p><span style=\"color: #ff6600;\"><strong>Date :<\/strong><\/span> le jeudi 4 juin 2026<\/p>\n<p><span style=\"color: #ff6600;\"><strong>Animation : <\/strong><\/span>P\u00e8re Henri Aubert, j\u00e9suite, chapelain \u00e0 la chapelle universitaire de Namur, Mme Danielle Bouchat, assistante sociale \u00e0 l\u2019ASBL Aide aux Personnes D\u00e9plac\u00e9es, M. l\u2019abb\u00e9 Anastas Sabwe Kalenda, cur\u00e9 \u00e0 Yvoir et M. Pie Tshibanda, artiste.<\/p>\n<p><span style=\"color: #ff6600;\"><strong>Programme :<\/strong><\/span><\/p>\n<p class=\"Normale\"><span lang=\"FR\">Accueil \u00e0 10h00. Visite guid\u00e9e du mus\u00e9e. Pr\u00e9sentation du petit spectacle de M. Pie Tshibanda. Repas. Expos\u00e9 de Mme Bouchat. Echanges en petits groupes. Conclusion. Fin \u00e0 17h00.<\/span><\/p>\n<p><span style=\"color: #ff6600;\"><strong>Inclus :<\/strong><\/span> entr\u00e9e au mus\u00e9e, visite guid\u00e9e, animation, une boisson chaude et froide.<\/p>\n<p><span style=\"color: #ff6600;\"><strong>Non-inclus :<\/strong><\/span> repas de midi (sous forme de pique-nique \u00e0 emporter).<\/p>\n<p><span style=\"color: #ff6600;\"><strong>Participation :<\/strong> 49 \u20ac<\/span><\/p>\n<p><span style=\"color: #ff6600;\">Inscription au moyen du bulletin d\u2019inscription.<\/span><\/p>\n<p><span style=\"color: #ff6600;\"><strong>Bon \u00e0 savoir\u00a0:<\/strong><\/span><\/p>\n<div class=\"page\" title=\"Page 31\">\n<div class=\"section\">\n<div class=\"layoutArea\">\n<div class=\"column\">\n<ul>\n<li>Rendez-vous au mus\u00e9e africain de Namur. Acc\u00e8s facile en transport en commun : gare SNCB de Namur \u00e0 750 m. Parking \u00e0 proximit\u00e9. Si vous offrez ou souhaitez du co-voiturage, merci de contacter notre secr\u00e9tariat.<\/li>\n<li>Chaque personne qui s\u2019inscrit, s\u2019engage \u00e0 participer \u00e0 la totalit\u00e9 de l\u2019animation.<\/li>\n<li>Activit\u00e9 pr\u00e9vue aussi pour personne \u00e0 mobilit\u00e9 r\u00e9duite. Pr\u00e9voir au besoin quelqu\u2019un pour vous v\u00e9hiculer. Merci de le signaler lors de l\u2019inscription.<\/li>\n<\/ul>\n<p><a href=\"https:\/\/www.terredesens.be\/index.php\/inscription\/\" target=\"_blank\" rel=\"noopener noreferrer\"><img loading=\"lazy\" decoding=\"async\" class=\"alignnone wp-image-124\" src=\"https:\/\/www.terredesens.be\/wp-content\/uploads\/2020\/05\/enligne-300x82.png\" alt=\"\" width=\"260\" height=\"71\" srcset=\"https:\/\/www.terredesens.be\/wp-content\/uploads\/2020\/05\/enligne-300x82.png 300w, https:\/\/www.terredesens.be\/wp-content\/uploads\/2020\/05\/enligne-768x210.png 768w, https:\/\/www.terredesens.be\/wp-content\/uploads\/2020\/05\/enligne.png 828w\" sizes=\"auto, (max-width: 260px) 100vw, 260px\" \/><\/a><\/p>\n<\/div>\n<\/div>\n<\/div>\n<\/div>\n","protected":false},"excerpt":{"rendered":"<p>&nbsp; Regards crois\u00e9s entre Africains et Europ\u00e9ens Notre ADN consiste \u00e0 faire voyager les personnes qui nous font confiance et \u00e0 les questionner. Aujourd\u2019hui, nous voyagerons autrement. En effet, nous d\u00e9couvrirons quelques traits du Congo dans le nouveau mus\u00e9e africain de Namur. M. Pie Tshibanda nous racontera avec beaucoup de sensibilit\u00e9 et d\u2019humour son exp\u00e9rience [&hellip;]<\/p>\n","protected":false},"author":1,"featured_media":0,"parent":0,"menu_order":0,"comment_status":"closed","ping_status":"closed","template":"","meta":{"site-sidebar-layout":"default","site-content-layout":"","ast-site-content-layout":"default","site-content-style":"default","site-sidebar-style":"default","ast-global-header-display":"","ast-banner-title-visibility":"","ast-main-header-display":"","ast-hfb-above-header-display":"","ast-hfb-below-header-display":"","ast-hfb-mobile-header-display":"","site-post-title":"disabled","ast-breadcrumbs-content":"","ast-featured-img":"","footer-sml-layout":"","ast-disable-related-posts":"","theme-transparent-header-meta":"default","adv-header-id-meta":"","stick-header-meta":"","header-above-stick-meta":"","header-main-stick-meta":"","header-below-stick-meta":"","astra-migrate-meta-layouts":"set","ast-page-background-enabled":"default","ast-page-background-meta":{"desktop":{"background-color":"var(--ast-global-color-4)","background-image":"","background-repeat":"repeat","background-position":"center center","background-size":"auto","background-attachment":"scroll","background-type":"","background-media":"","overlay-type":"","overlay-color":"","overlay-opacity":"","overlay-gradient":""},"tablet":{"background-color":"","background-image":"","background-repeat":"repeat","background-position":"center center","background-size":"auto","background-attachment":"scroll","background-type":"","background-media":"","overlay-type":"","overlay-color":"","overlay-opacity":"","overlay-gradient":""},"mobile":{"background-color":"","background-image":"","background-repeat":"repeat","background-position":"center center","background-size":"auto","background-attachment":"scroll","background-type":"","background-media":"","overlay-type":"","overlay-color":"","overlay-opacity":"","overlay-gradient":""}},"ast-content-background-meta":{"desktop":{"background-color":"var(--ast-global-color-5)","background-image":"","background-repeat":"repeat","background-position":"center center","background-size":"auto","background-attachment":"scroll","background-type":"","background-media":"","overlay-type":"","overlay-color":"","overlay-opacity":"","overlay-gradient":""},"tablet":{"background-color":"var(--ast-global-color-5)","background-image":"","background-repeat":"repeat","background-position":"center center","background-size":"auto","background-attachment":"scroll","background-type":"","background-media":"","overlay-type":"","overlay-color":"","overlay-opacity":"","overlay-gradient":""},"mobile":{"background-color":"var(--ast-global-color-5)","background-image":"","background-repeat":"repeat","background-position":"center center","background-size":"auto","background-attachment":"scroll","background-type":"","background-media":"","overlay-type":"","overlay-color":"","overlay-opacity":"","overlay-gradient":""}},"footnotes":""},"class_list":["post-1850","page","type-page","status-publish","hentry"],"_links":{"self":[{"href":"https:\/\/www.terredesens.be\/index.php\/wp-json\/wp\/v2\/pages\/1850","targetHints":{"allow":["GET"]}}],"collection":[{"href":"https:\/\/www.terredesens.be\/index.php\/wp-json\/wp\/v2\/pages"}],"about":[{"href":"https:\/\/www.terredesens.be\/index.php\/wp-json\/wp\/v2\/types\/page"}],"author":[{"embeddable":true,"href":"https:\/\/www.terredesens.be\/index.php\/wp-json\/wp\/v2\/users\/1"}],"replies":[{"embeddable":true,"href":"https:\/\/www.terredesens.be\/index.php\/wp-json\/wp\/v2\/comments?post=1850"}],"version-history":[{"count":0,"href":"https:\/\/www.terredesens.be\/index.php\/wp-json\/wp\/v2\/pages\/1850\/revisions"}],"wp:attachment":[{"href":"https:\/\/www.terredesens.be\/index.php\/wp-json\/wp\/v2\/media?parent=1850"}],"curies":[{"name":"wp","href":"https:\/\/api.w.org\/{rel}","templated":true}]}}