{"id":1846,"date":"2026-02-11T15:35:00","date_gmt":"2026-02-11T15:35:00","guid":{"rendered":"https:\/\/www.terredesens.be\/?page_id=1846"},"modified":"2026-02-16T11:15:11","modified_gmt":"2026-02-16T11:15:11","slug":"paroisse-orthodoxe","status":"publish","type":"page","link":"https:\/\/www.terredesens.be\/index.php\/paroisse-orthodoxe\/","title":{"rendered":"Paroisse orthodoxe"},"content":{"rendered":"<p><span style=\"color: #ff6600;\"><strong>Date :<\/strong><\/span> le dimanche 17 mai 2026<\/p>\n<p><strong><span style=\"color: #ff6600;\">Animation :<\/span>\u00a0<\/strong>M. Eric Ghysselinckx, conseiller \u00e9m\u00e9rite au sein du service des cultes et de la la\u00efcit\u00e9 du SPF Justice<\/p>\n<p><span style=\"color: #ff6600;\"><strong>Programme :<\/strong><\/span><\/p>\n<p>Participation \u00e0 la divine liturgie \u00e0 la paroisse orthodoxe des saints Rapha\u00ebl, Nicolas et Ir\u00e8ne de Namur<\/p>\n<p>09h45 : rendez-vous rue de Gembloux 353 \u00e0 Saint-Servais.<\/p>\n<p>10h00 : participation \u00e0 la divine liturgie dominicale.<\/p>\n<p>A l\u2019issue de la c\u00e9l\u00e9bration, rencontre avec la communaut\u00e9 paroissiale autour d\u2019une boisson offerte.<\/p>\n<p><span style=\"color: #ff6600;\"><strong>Participation : libre (offrande)<\/strong><\/span><\/p>\n<p><span class=\"s1\" style=\"color: #ff6600;\"><b>Inscription obligatoire<\/b><\/span> par t\u00e9l\u00e9phone (081 22 19 68) ou par mail (contact@terredesens.be) en pr\u00e9cisant le nom de tous les participants et votre num\u00e9ro de GSM. Les renseignements pr\u00e9cis seront fournis ult\u00e9rieurement.<\/p>\n<p><span style=\"color: #ff6600;\"><strong>Bon \u00e0 savoir\u00a0:<\/strong><\/span><\/p>\n<div class=\"page\" title=\"Page 31\">\n<div class=\"section\">\n<div class=\"layoutArea\">\n<div class=\"column\">\n<ul>\n<li>L\u2019\u00e9glise se trouve \u00e0 2 km \u00e0 pied de la gare de Namur. Des bus desservent Saint-Servais depuis la gare. Vaste parking gratuit face \u00e0 l\u2019\u00e9glise.<\/li>\n<li>Pour ceux qui le souhaitent, la liturgie dominicale commence \u00e0 8h30 par les Matines qui durent environ 1h30.<\/li>\n<\/ul>\n<\/div>\n<\/div>\n<\/div>\n<\/div>\n","protected":false},"excerpt":{"rendered":"<p>Date : le dimanche 17 mai 2026 Animation :\u00a0M. Eric Ghysselinckx, conseiller \u00e9m\u00e9rite au sein du service des cultes et de la la\u00efcit\u00e9 du SPF Justice Programme : Participation \u00e0 la divine liturgie \u00e0 la paroisse orthodoxe des saints Rapha\u00ebl, Nicolas et Ir\u00e8ne de Namur 09h45 : rendez-vous rue de Gembloux 353 \u00e0 Saint-Servais. 10h00 [&hellip;]<\/p>\n","protected":false},"author":1,"featured_media":0,"parent":0,"menu_order":0,"comment_status":"closed","ping_status":"closed","template":"","meta":{"site-sidebar-layout":"default","site-content-layout":"","ast-site-content-layout":"default","site-content-style":"default","site-sidebar-style":"default","ast-global-header-display":"","ast-banner-title-visibility":"","ast-main-header-display":"","ast-hfb-above-header-display":"","ast-hfb-below-header-display":"","ast-hfb-mobile-header-display":"","site-post-title":"","ast-breadcrumbs-content":"","ast-featured-img":"","footer-sml-layout":"","ast-disable-related-posts":"","theme-transparent-header-meta":"default","adv-header-id-meta":"","stick-header-meta":"","header-above-stick-meta":"","header-main-stick-meta":"","header-below-stick-meta":"","astra-migrate-meta-layouts":"set","ast-page-background-enabled":"default","ast-page-background-meta":{"desktop":{"background-color":"var(--ast-global-color-4)","background-image":"","background-repeat":"repeat","background-position":"center center","background-size":"auto","background-attachment":"scroll","background-type":"","background-media":"","overlay-type":"","overlay-color":"","overlay-opacity":"","overlay-gradient":""},"tablet":{"background-color":"","background-image":"","background-repeat":"repeat","background-position":"center center","background-size":"auto","background-attachment":"scroll","background-type":"","background-media":"","overlay-type":"","overlay-color":"","overlay-opacity":"","overlay-gradient":""},"mobile":{"background-color":"","background-image":"","background-repeat":"repeat","background-position":"center center","background-size":"auto","background-attachment":"scroll","background-type":"","background-media":"","overlay-type":"","overlay-color":"","overlay-opacity":"","overlay-gradient":""}},"ast-content-background-meta":{"desktop":{"background-color":"var(--ast-global-color-5)","background-image":"","background-repeat":"repeat","background-position":"center center","background-size":"auto","background-attachment":"scroll","background-type":"","background-media":"","overlay-type":"","overlay-color":"","overlay-opacity":"","overlay-gradient":""},"tablet":{"background-color":"var(--ast-global-color-5)","background-image":"","background-repeat":"repeat","background-position":"center center","background-size":"auto","background-attachment":"scroll","background-type":"","background-media":"","overlay-type":"","overlay-color":"","overlay-opacity":"","overlay-gradient":""},"mobile":{"background-color":"var(--ast-global-color-5)","background-image":"","background-repeat":"repeat","background-position":"center center","background-size":"auto","background-attachment":"scroll","background-type":"","background-media":"","overlay-type":"","overlay-color":"","overlay-opacity":"","overlay-gradient":""}},"footnotes":""},"class_list":["post-1846","page","type-page","status-publish","hentry"],"_links":{"self":[{"href":"https:\/\/www.terredesens.be\/index.php\/wp-json\/wp\/v2\/pages\/1846","targetHints":{"allow":["GET"]}}],"collection":[{"href":"https:\/\/www.terredesens.be\/index.php\/wp-json\/wp\/v2\/pages"}],"about":[{"href":"https:\/\/www.terredesens.be\/index.php\/wp-json\/wp\/v2\/types\/page"}],"author":[{"embeddable":true,"href":"https:\/\/www.terredesens.be\/index.php\/wp-json\/wp\/v2\/users\/1"}],"replies":[{"embeddable":true,"href":"https:\/\/www.terredesens.be\/index.php\/wp-json\/wp\/v2\/comments?post=1846"}],"version-history":[{"count":0,"href":"https:\/\/www.terredesens.be\/index.php\/wp-json\/wp\/v2\/pages\/1846\/revisions"}],"wp:attachment":[{"href":"https:\/\/www.terredesens.be\/index.php\/wp-json\/wp\/v2\/media?parent=1846"}],"curies":[{"name":"wp","href":"https:\/\/api.w.org\/{rel}","templated":true}]}}