{"id":1842,"date":"2026-02-11T15:21:16","date_gmt":"2026-02-11T15:21:16","guid":{"rendered":"https:\/\/www.terredesens.be\/?page_id=1842"},"modified":"2026-02-16T11:13:41","modified_gmt":"2026-02-16T11:13:41","slug":"anglicanisme","status":"publish","type":"page","link":"https:\/\/www.terredesens.be\/index.php\/anglicanisme\/","title":{"rendered":"Anglicanisme"},"content":{"rendered":"<p><span style=\"color: #ff6600;\"><strong>Date :<\/strong><\/span> le mercredi 25 mars 2026<\/p>\n<p><span style=\"color: #ff6600;\"><strong>Animation :\u00a0<\/strong><\/span>M. Eric Ghysselinckx, conseiller \u00e9m\u00e9rite au sein du service des cultes et de la la\u00efcit\u00e9 du SPF Justice, et M. l\u2019abb\u00e9 Philippe Goffinet, directeur de Terre de sens<\/p>\n<p><span style=\"color: #ff6600;\"><strong>Programme :<\/strong><\/span><\/p>\n<p class=\"Normale\"><span lang=\"FR\">Vers 10h30 : accueil rue Capitaine Crespel 29 \u00e0 1050 Bruxelles. D\u00e9couverte \u00e0 la pro-cath\u00e9drale de la Sainte-Trinit\u00e9 et rencontre avec la communaut\u00e9. Petit expos\u00e9 sur la communaut\u00e9 qui nous accueille, d\u00e9couverte culturelle du b\u00e2timent, c\u00e9l\u00e9bration et temps de convivialit\u00e9 pour mieux nous conna\u00eetre autour d\u2019une collation. <\/span><\/p>\n<p class=\"Normale\"><span lang=\"FR\">Fin de l\u2019activit\u00e9 en d\u00e9but d\u2019apr\u00e8s-midi.<\/span><\/p>\n<p>&nbsp;<\/p>\n<p><span style=\"color: #ff6600;\"><strong>Participation :<\/strong> 20 \u20ac (\u00e0 payer sur place en liquide)<\/span><\/p>\n<p><span class=\"s1\" style=\"color: #ff6600;\"><b>Inscription obligatoire<\/b><\/span> par t\u00e9l\u00e9phone (081 22 19 68) ou par mail (contact@terredesens.be) en pr\u00e9cisant le nom de tous les participants et votre num\u00e9ro de GSM.<\/p>\n<p><span style=\"color: #ff6600;\"><strong>Inclus dans le prix :<\/strong><\/span> animation et collation.<\/p>\n<p><span style=\"color: #ff6600;\"><strong>Bon \u00e0 savoir\u00a0:<\/strong><\/span><\/p>\n<div class=\"page\" title=\"Page 31\">\n<div class=\"section\">\n<div class=\"layoutArea\">\n<div class=\"column\">\n<ul>\n<li>Un d\u00e9placement sera propos\u00e9 en train depuis Namur avec les animateurs. Les d\u00e9tails pr\u00e9cis seront fournis ult\u00e9rieurement.<\/li>\n<li>Pouvoir suivre un groupe a\u0300 pied sans difficulte\u0301.<\/li>\n<li>S\u2019engager a\u0300 suivre tout le programme.<\/li>\n<\/ul>\n<\/div>\n<\/div>\n<\/div>\n<\/div>\n","protected":false},"excerpt":{"rendered":"<p>Date : le mercredi 25 mars 2026 Animation :\u00a0M. Eric Ghysselinckx, conseiller \u00e9m\u00e9rite au sein du service des cultes et de la la\u00efcit\u00e9 du SPF Justice, et M. l\u2019abb\u00e9 Philippe Goffinet, directeur de Terre de sens Programme : Vers 10h30 : accueil rue Capitaine Crespel 29 \u00e0 1050 Bruxelles. D\u00e9couverte \u00e0 la pro-cath\u00e9drale de la [&hellip;]<\/p>\n","protected":false},"author":1,"featured_media":0,"parent":0,"menu_order":0,"comment_status":"closed","ping_status":"closed","template":"","meta":{"site-sidebar-layout":"default","site-content-layout":"","ast-site-content-layout":"default","site-content-style":"default","site-sidebar-style":"default","ast-global-header-display":"","ast-banner-title-visibility":"","ast-main-header-display":"","ast-hfb-above-header-display":"","ast-hfb-below-header-display":"","ast-hfb-mobile-header-display":"","site-post-title":"","ast-breadcrumbs-content":"","ast-featured-img":"","footer-sml-layout":"","ast-disable-related-posts":"","theme-transparent-header-meta":"default","adv-header-id-meta":"","stick-header-meta":"","header-above-stick-meta":"","header-main-stick-meta":"","header-below-stick-meta":"","astra-migrate-meta-layouts":"set","ast-page-background-enabled":"default","ast-page-background-meta":{"desktop":{"background-color":"var(--ast-global-color-4)","background-image":"","background-repeat":"repeat","background-position":"center center","background-size":"auto","background-attachment":"scroll","background-type":"","background-media":"","overlay-type":"","overlay-color":"","overlay-opacity":"","overlay-gradient":""},"tablet":{"background-color":"","background-image":"","background-repeat":"repeat","background-position":"center center","background-size":"auto","background-attachment":"scroll","background-type":"","background-media":"","overlay-type":"","overlay-color":"","overlay-opacity":"","overlay-gradient":""},"mobile":{"background-color":"","background-image":"","background-repeat":"repeat","background-position":"center center","background-size":"auto","background-attachment":"scroll","background-type":"","background-media":"","overlay-type":"","overlay-color":"","overlay-opacity":"","overlay-gradient":""}},"ast-content-background-meta":{"desktop":{"background-color":"var(--ast-global-color-5)","background-image":"","background-repeat":"repeat","background-position":"center center","background-size":"auto","background-attachment":"scroll","background-type":"","background-media":"","overlay-type":"","overlay-color":"","overlay-opacity":"","overlay-gradient":""},"tablet":{"background-color":"var(--ast-global-color-5)","background-image":"","background-repeat":"repeat","background-position":"center center","background-size":"auto","background-attachment":"scroll","background-type":"","background-media":"","overlay-type":"","overlay-color":"","overlay-opacity":"","overlay-gradient":""},"mobile":{"background-color":"var(--ast-global-color-5)","background-image":"","background-repeat":"repeat","background-position":"center center","background-size":"auto","background-attachment":"scroll","background-type":"","background-media":"","overlay-type":"","overlay-color":"","overlay-opacity":"","overlay-gradient":""}},"footnotes":""},"class_list":["post-1842","page","type-page","status-publish","hentry"],"_links":{"self":[{"href":"https:\/\/www.terredesens.be\/index.php\/wp-json\/wp\/v2\/pages\/1842","targetHints":{"allow":["GET"]}}],"collection":[{"href":"https:\/\/www.terredesens.be\/index.php\/wp-json\/wp\/v2\/pages"}],"about":[{"href":"https:\/\/www.terredesens.be\/index.php\/wp-json\/wp\/v2\/types\/page"}],"author":[{"embeddable":true,"href":"https:\/\/www.terredesens.be\/index.php\/wp-json\/wp\/v2\/users\/1"}],"replies":[{"embeddable":true,"href":"https:\/\/www.terredesens.be\/index.php\/wp-json\/wp\/v2\/comments?post=1842"}],"version-history":[{"count":0,"href":"https:\/\/www.terredesens.be\/index.php\/wp-json\/wp\/v2\/pages\/1842\/revisions"}],"wp:attachment":[{"href":"https:\/\/www.terredesens.be\/index.php\/wp-json\/wp\/v2\/media?parent=1842"}],"curies":[{"name":"wp","href":"https:\/\/api.w.org\/{rel}","templated":true}]}}