{"id":1623,"date":"2024-04-30T13:42:59","date_gmt":"2024-04-30T13:42:59","guid":{"rendered":"https:\/\/www.terredesens.be\/?page_id=1623"},"modified":"2024-05-02T08:16:11","modified_gmt":"2024-05-02T08:16:11","slug":"bruxelles-le-miracle-de-leurope-unie","status":"publish","type":"page","link":"https:\/\/www.terredesens.be\/index.php\/bruxelles-le-miracle-de-leurope-unie\/","title":{"rendered":"Bruxelles : le miracle de l\u2019Europe unie\u00a0"},"content":{"rendered":"<p style=\"text-align: left;\"><img loading=\"lazy\" decoding=\"async\" class=\"wp-image-1627 alignleft\" src=\"https:\/\/www.terredesens.be\/wp-content\/uploads\/2024\/05\/brussels-3757703_1280-1024x512.jpg\" alt=\"\" width=\"436\" height=\"218\" srcset=\"https:\/\/www.terredesens.be\/wp-content\/uploads\/2024\/05\/brussels-3757703_1280-1024x512.jpg 1024w, https:\/\/www.terredesens.be\/wp-content\/uploads\/2024\/05\/brussels-3757703_1280-300x150.jpg 300w, https:\/\/www.terredesens.be\/wp-content\/uploads\/2024\/05\/brussels-3757703_1280-768x384.jpg 768w, https:\/\/www.terredesens.be\/wp-content\/uploads\/2024\/05\/brussels-3757703_1280-228x114.jpg 228w, https:\/\/www.terredesens.be\/wp-content\/uploads\/2024\/05\/brussels-3757703_1280.jpg 1280w\" sizes=\"auto, (max-width: 436px) 100vw, 436px\" \/><strong>Date :<\/strong> le mercredi 5 juin 2024<\/p>\n<p style=\"text-align: justify;\"><strong>Animation\u00a0:<\/strong> M. Thomas ANTOINE, Ambassadeur honoraire de SM le Roi des Belges<\/p>\n<p style=\"text-align: justify;\"><span style=\"color: #104c87;\"><em>L\u2019arc de crises et de conflits qui se d\u00e9ploie autour de l \u2019Union europ\u00e9enne nous inqui\u00e8te \u00e0 juste titre, mais il devrait aussi nous rassurer\u00a0: l\u2019UE continue d\u2019\u00eatre un espace de paix et de prosp\u00e9rit\u00e9 dans un monde turbulent et parfois d\u00e9chir\u00e9 par des luttes fratricides.<\/em><\/span><\/p>\n<p style=\"text-align: justify;\"><span style=\"color: #104c87;\"><em>Or, ces trag\u00e9dies furent le lot de l\u2019Europe durant des si\u00e8cles et il fallut la prescience et l\u2019enthousiasme des P\u00e8res fondateurs du projet europ\u00e9en pour tourner (\u00e0 jamais\u00a0?) une page sanglante en d\u00e9cidant de refonder l\u2019Europe sous le signe de la r\u00e9conciliation en lui donnant un projet concret de prosp\u00e9rit\u00e9 et de justice sociale.<\/em><\/span><\/p>\n<p style=\"text-align: justify;\"><span style=\"color: #104c87;\"><em>Depuis, l\u2019union europ\u00e9enne n\u2019a fait que s\u2019approfondir et s\u2019\u00e9largir, au fil de crises et tribulations qui n\u2019ont jamais fait d\u00e9railler le projet initial, m\u00eame si un wagon a quitt\u00e9 le convoi (Brexit).<\/em><\/span><\/p>\n<p style=\"text-align: justify;\"><span style=\"color: #104c87;\"><em>Ce miracle europ\u00e9en, s\u2019il est formellement n\u00e9 en 1957 avec le Trait\u00e9 de Rome, fut pr\u00e9c\u00e9d\u00e9 par de nombreuses initiatives de r\u00e9union des peuples d\u2019Europe, ou \u00e0 tout le moins de favoriser leur concorde\u00a0: saint Beno\u00eet, saint Thomas d\u2019Aquin, Goethe, Victor Hugo, Denis de Rougemont et tant d\u2019autres qui d\u00e9ploraient les divisions entre des nations chr\u00e9tiennes.<\/em><\/span><\/p>\n<p style=\"text-align: justify;\"><span style=\"color: #104c87;\"><em>Comme le disait Goethe, d\u00e9j\u00e0 un grand Europ\u00e9en, les parents doivent donner \u00e0 leurs enfants des racines et des ailes et ainsi, les P\u00e8res fondateurs Schuman, Monnet, Spinelli, De Gasp\u00e9ri, Adenauer, Spaak, Bech et Beyen, surent que leur projet ne pouvait se fonder que sur un regard lucide vers le pass\u00e9, un respect des racines, des identit\u00e9s des vieilles nations, des peuples ancestraux auxquels il fallait donner un nouveau projet, une esp\u00e9rance, une confiance qui puissent les conduire, pour la premi\u00e8re fois dans l\u2019histoire, \u00e0 partager volontairement leur souverainet\u00e9.<\/em><\/span><\/p>\n<p><strong>Programme :<\/strong><\/p>\n<p>10h20 : rendez-vous devant les guichets de la gare SNCB de Bruxelles-Luxembourg<\/p>\n<p>Visite guid\u00e9e de l\u2019exposition permanente de la Maison de l\u2019histoire europ\u00e9enne, 135 rue Belliard \u00e0 1000 Bruxelles.<\/p>\n<p>Repas (sous forme de pique-nique) emport\u00e9 par chaque participant.<\/p>\n<p>Petit expos\u00e9 et \u00e9changes en groupe.<\/p>\n<p>15h30 : fin de l\u2019activit\u00e9<\/p>\n<p><strong>Participation :<\/strong> 10 \u20ac<\/p>\n<p><span class=\"s1\"><b>Inscription obligatoire<\/b><\/span> par t\u00e9l\u00e9phone (081 22 19 68) ou par mail (contact@terredesens.be) en pr\u00e9cisant le nom de tous les participants et votre num\u00e9ro de GSM.<\/p>\n<p><strong>Inclus dans le prix :<\/strong> la visite guid\u00e9e en fran\u00e7ais et l\u2019animation.<\/p>\n<p><strong>Bon \u00e0 savoir\u00a0:<\/strong><\/p>\n<div class=\"page\" title=\"Page 31\">\n<div class=\"section\">\n<div class=\"layoutArea\">\n<div class=\"column\">\n<ul>\n<li>a\u0300 proximite\u0301 de la gare SNCB de Bruxelles-Luxembourg.<\/li>\n<li>Pouvoir suivre un groupe a\u0300 pied sans difficulte\u0301.<\/li>\n<li>S\u2019engager a\u0300 suivre tout le programme.<\/li>\n<\/ul>\n<\/div>\n<\/div>\n<\/div>\n<\/div>\n","protected":false},"excerpt":{"rendered":"<p>Date : le mercredi 5 juin 2024 Animation\u00a0: M. Thomas ANTOINE, Ambassadeur honoraire de SM le Roi des Belges L\u2019arc de crises et de conflits qui se d\u00e9ploie autour de l \u2019Union europ\u00e9enne nous inqui\u00e8te \u00e0 juste titre, mais il devrait aussi nous rassurer\u00a0: l\u2019UE continue d\u2019\u00eatre un espace de paix et de prosp\u00e9rit\u00e9 dans [&hellip;]<\/p>\n","protected":false},"author":1,"featured_media":0,"parent":0,"menu_order":0,"comment_status":"closed","ping_status":"closed","template":"","meta":{"site-sidebar-layout":"default","site-content-layout":"default","ast-site-content-layout":"default","site-content-style":"default","site-sidebar-style":"default","ast-global-header-display":"","ast-banner-title-visibility":"","ast-main-header-display":"","ast-hfb-above-header-display":"","ast-hfb-below-header-display":"","ast-hfb-mobile-header-display":"","site-post-title":"","ast-breadcrumbs-content":"","ast-featured-img":"","footer-sml-layout":"","ast-disable-related-posts":"","theme-transparent-header-meta":"default","adv-header-id-meta":"","stick-header-meta":"","header-above-stick-meta":"","header-main-stick-meta":"","header-below-stick-meta":"","astra-migrate-meta-layouts":"default","ast-page-background-enabled":"default","ast-page-background-meta":{"desktop":{"background-color":"var(--ast-global-color-4)","background-image":"","background-repeat":"repeat","background-position":"center center","background-size":"auto","background-attachment":"scroll","background-type":"","background-media":"","overlay-type":"","overlay-color":"","overlay-opacity":"","overlay-gradient":""},"tablet":{"background-color":"","background-image":"","background-repeat":"repeat","background-position":"center center","background-size":"auto","background-attachment":"scroll","background-type":"","background-media":"","overlay-type":"","overlay-color":"","overlay-opacity":"","overlay-gradient":""},"mobile":{"background-color":"","background-image":"","background-repeat":"repeat","background-position":"center center","background-size":"auto","background-attachment":"scroll","background-type":"","background-media":"","overlay-type":"","overlay-color":"","overlay-opacity":"","overlay-gradient":""}},"ast-content-background-meta":{"desktop":{"background-color":"var(--ast-global-color-5)","background-image":"","background-repeat":"repeat","background-position":"center center","background-size":"auto","background-attachment":"scroll","background-type":"","background-media":"","overlay-type":"","overlay-color":"","overlay-opacity":"","overlay-gradient":""},"tablet":{"background-color":"var(--ast-global-color-5)","background-image":"","background-repeat":"repeat","background-position":"center center","background-size":"auto","background-attachment":"scroll","background-type":"","background-media":"","overlay-type":"","overlay-color":"","overlay-opacity":"","overlay-gradient":""},"mobile":{"background-color":"var(--ast-global-color-5)","background-image":"","background-repeat":"repeat","background-position":"center center","background-size":"auto","background-attachment":"scroll","background-type":"","background-media":"","overlay-type":"","overlay-color":"","overlay-opacity":"","overlay-gradient":""}},"footnotes":""},"class_list":["post-1623","page","type-page","status-publish","hentry"],"_links":{"self":[{"href":"https:\/\/www.terredesens.be\/index.php\/wp-json\/wp\/v2\/pages\/1623","targetHints":{"allow":["GET"]}}],"collection":[{"href":"https:\/\/www.terredesens.be\/index.php\/wp-json\/wp\/v2\/pages"}],"about":[{"href":"https:\/\/www.terredesens.be\/index.php\/wp-json\/wp\/v2\/types\/page"}],"author":[{"embeddable":true,"href":"https:\/\/www.terredesens.be\/index.php\/wp-json\/wp\/v2\/users\/1"}],"replies":[{"embeddable":true,"href":"https:\/\/www.terredesens.be\/index.php\/wp-json\/wp\/v2\/comments?post=1623"}],"version-history":[{"count":0,"href":"https:\/\/www.terredesens.be\/index.php\/wp-json\/wp\/v2\/pages\/1623\/revisions"}],"wp:attachment":[{"href":"https:\/\/www.terredesens.be\/index.php\/wp-json\/wp\/v2\/media?parent=1623"}],"curies":[{"name":"wp","href":"https:\/\/api.w.org\/{rel}","templated":true}]}}