{"id":1077,"date":"2023-01-12T15:07:31","date_gmt":"2023-01-12T15:07:31","guid":{"rendered":"https:\/\/www.terredesens.be\/?page_id=1077"},"modified":"2026-02-13T11:32:16","modified_gmt":"2026-02-13T11:32:16","slug":"activites-d1-jour","status":"publish","type":"page","link":"https:\/\/www.terredesens.be\/index.php\/activites-d1-jour\/","title":{"rendered":"Activit\u00e9s de 2 heures \u00e0 1 jour"},"content":{"rendered":"<p>&nbsp;<\/p>\n<h1><strong>Activit\u00e9s de 2 heures \u00e0 1 jour<\/strong><\/h1>\n<p>&nbsp;<\/p>\n<ul>\n<li><span style=\"color: #000000;\">Rencontres oecum\u00e9niques<\/span>\n<ul>\n<li><a href=\"https:\/\/www.terredesens.be\/index.php\/anglicanisme\/\">25 mars 2026 : rencontre avec la communaut\u00e9 anglicane de Bruxelles<\/a><\/li>\n<li><a href=\"https:\/\/www.terredesens.be\/index.php\/paroisse-orthodoxe\/\">17 mai 2026 : participation \u00e0 la Divine Liturgie avec la communaut\u00e9 orthodoxe de St-Servais (Namur)<\/a><\/li>\n<\/ul>\n<\/li>\n<li><a href=\"https:\/\/www.terredesens.be\/index.php\/regards-croises-entre-africains-et-europeens\/\">Regards crois\u00e9s entre Africains et Europ\u00e9ens \u00e0 Namur le 4 juin 2026<\/a><\/li>\n<li><a href=\"https:\/\/www.terredesens.be\/index.php\/terre-de-sens-terre-de-ciel\/\">Terre de sens, terre de ciel \u00e0 Grapfontaine le 19 juin 2026<\/a><\/li>\n<li><a href=\"https:\/\/www.terredesens.be\/index.php\/hindouisme\/\">Hindouisme \u00e0 Petite-Somme (Durbuy) le 8 juillet 2026<\/a><\/li>\n<\/ul>\n<p>&nbsp;<\/p>\n<p>&nbsp;<\/p>\n<p>&nbsp;<\/p>\n<p>&nbsp;<\/p>\n<p>&nbsp;<\/p>\n","protected":false},"excerpt":{"rendered":"<p>&nbsp; Activit\u00e9s de 2 heures \u00e0 1 jour &nbsp; Rencontres oecum\u00e9niques 25 mars 2026 : rencontre avec la communaut\u00e9 anglicane de Bruxelles 17 mai 2026 : participation \u00e0 la Divine Liturgie avec la communaut\u00e9 orthodoxe de St-Servais (Namur) Regards crois\u00e9s entre Africains et Europ\u00e9ens \u00e0 Namur le 4 juin 2026 Terre de sens, terre de [&hellip;]<\/p>\n","protected":false},"author":1,"featured_media":0,"parent":0,"menu_order":0,"comment_status":"closed","ping_status":"closed","template":"","meta":{"site-sidebar-layout":"default","site-content-layout":"default","ast-site-content-layout":"default","site-content-style":"default","site-sidebar-style":"default","ast-global-header-display":"","ast-banner-title-visibility":"","ast-main-header-display":"","ast-hfb-above-header-display":"","ast-hfb-below-header-display":"","ast-hfb-mobile-header-display":"","site-post-title":"disabled","ast-breadcrumbs-content":"","ast-featured-img":"","footer-sml-layout":"","ast-disable-related-posts":"","theme-transparent-header-meta":"default","adv-header-id-meta":"","stick-header-meta":"","header-above-stick-meta":"","header-main-stick-meta":"","header-below-stick-meta":"","astra-migrate-meta-layouts":"set","ast-page-background-enabled":"default","ast-page-background-meta":{"desktop":{"background-color":"var(--ast-global-color-4)","background-image":"","background-repeat":"repeat","background-position":"center center","background-size":"auto","background-attachment":"scroll","background-type":"","background-media":"","overlay-type":"","overlay-color":"","overlay-opacity":"","overlay-gradient":""},"tablet":{"background-color":"","background-image":"","background-repeat":"repeat","background-position":"center center","background-size":"auto","background-attachment":"scroll","background-type":"","background-media":"","overlay-type":"","overlay-color":"","overlay-opacity":"","overlay-gradient":""},"mobile":{"background-color":"","background-image":"","background-repeat":"repeat","background-position":"center center","background-size":"auto","background-attachment":"scroll","background-type":"","background-media":"","overlay-type":"","overlay-color":"","overlay-opacity":"","overlay-gradient":""}},"ast-content-background-meta":{"desktop":{"background-color":"var(--ast-global-color-5)","background-image":"","background-repeat":"repeat","background-position":"center center","background-size":"auto","background-attachment":"scroll","background-type":"","background-media":"","overlay-type":"","overlay-color":"","overlay-opacity":"","overlay-gradient":""},"tablet":{"background-color":"var(--ast-global-color-5)","background-image":"","background-repeat":"repeat","background-position":"center center","background-size":"auto","background-attachment":"scroll","background-type":"","background-media":"","overlay-type":"","overlay-color":"","overlay-opacity":"","overlay-gradient":""},"mobile":{"background-color":"var(--ast-global-color-5)","background-image":"","background-repeat":"repeat","background-position":"center center","background-size":"auto","background-attachment":"scroll","background-type":"","background-media":"","overlay-type":"","overlay-color":"","overlay-opacity":"","overlay-gradient":""}},"footnotes":""},"class_list":["post-1077","page","type-page","status-publish","hentry"],"_links":{"self":[{"href":"https:\/\/www.terredesens.be\/index.php\/wp-json\/wp\/v2\/pages\/1077","targetHints":{"allow":["GET"]}}],"collection":[{"href":"https:\/\/www.terredesens.be\/index.php\/wp-json\/wp\/v2\/pages"}],"about":[{"href":"https:\/\/www.terredesens.be\/index.php\/wp-json\/wp\/v2\/types\/page"}],"author":[{"embeddable":true,"href":"https:\/\/www.terredesens.be\/index.php\/wp-json\/wp\/v2\/users\/1"}],"replies":[{"embeddable":true,"href":"https:\/\/www.terredesens.be\/index.php\/wp-json\/wp\/v2\/comments?post=1077"}],"version-history":[{"count":0,"href":"https:\/\/www.terredesens.be\/index.php\/wp-json\/wp\/v2\/pages\/1077\/revisions"}],"wp:attachment":[{"href":"https:\/\/www.terredesens.be\/index.php\/wp-json\/wp\/v2\/media?parent=1077"}],"curies":[{"name":"wp","href":"https:\/\/api.w.org\/{rel}","templated":true}]}}