{"id":104,"date":"2020-05-20T09:57:06","date_gmt":"2020-05-20T09:57:06","guid":{"rendered":"https:\/\/www.terredesens.be\/?page_id=104"},"modified":"2026-02-25T08:49:08","modified_gmt":"2026-02-25T08:49:08","slug":"accueil","status":"publish","type":"page","link":"https:\/\/www.terredesens.be\/","title":{"rendered":"Accueil"},"content":{"rendered":"<p>&nbsp;<\/p>\n<p style=\"text-align: center;\"><a class=\"maxbutton-1 maxbutton\" target=\"_blank\" rel=\"noopener\" href=\"http:\/\/www.pelerinages-namurois.be\"><span class='mb-text'>PELERINAGES NAMUROIS<\/span><\/a><\/p>\n<p style=\"text-align: center;\"><a class=\"maxbutton-2 maxbutton\" href=\"https:\/\/www.terredesens.be\/index.php\/destinations\/\"><span class='mb-text'>VOYAGES CULTURELS ET SPIRITUELS<\/span><\/a><\/p>\n<p style=\"text-align: center;\"><a class=\"maxbutton-3 maxbutton\" href=\"https:\/\/www.terredesens.be\/index.php\/activites-d1-jour\/\"><span class='mb-text'>ACTIVITES D&#039;1 JOUR<\/span><\/a><\/p>\n<p style=\"text-align: center;\"><img loading=\"lazy\" decoding=\"async\" class=\"wp-image-1127 alignleft\" src=\"https:\/\/www.terredesens.be\/wp-content\/uploads\/2023\/01\/matera2-1024x729.png\" alt=\"\" width=\"327\" height=\"233\" srcset=\"https:\/\/www.terredesens.be\/wp-content\/uploads\/2023\/01\/matera2-1024x729.png 1024w, https:\/\/www.terredesens.be\/wp-content\/uploads\/2023\/01\/matera2-300x214.png 300w, https:\/\/www.terredesens.be\/wp-content\/uploads\/2023\/01\/matera2-768x547.png 768w, https:\/\/www.terredesens.be\/wp-content\/uploads\/2023\/01\/matera2-1536x1094.png 1536w, https:\/\/www.terredesens.be\/wp-content\/uploads\/2023\/01\/matera2-163x116.png 163w, https:\/\/www.terredesens.be\/wp-content\/uploads\/2023\/01\/matera2.png 1588w\" sizes=\"auto, (max-width: 327px) 100vw, 327px\" \/>\u00a0 \u00a0 <a href=\"https:\/\/www.calameo.com\/read\/0065370857a1e91b3ea99\" target=\"_blank\" rel=\"noopener\"><img loading=\"lazy\" decoding=\"async\" class=\"alignnone  wp-image-1925\" src=\"https:\/\/www.terredesens.be\/wp-content\/uploads\/2026\/02\/Capture-decran-2026-02-24-a-14.29.44-725x1024.png\" alt=\"\" width=\"219\" height=\"309\" srcset=\"https:\/\/www.terredesens.be\/wp-content\/uploads\/2026\/02\/Capture-decran-2026-02-24-a-14.29.44-725x1024.png 725w, https:\/\/www.terredesens.be\/wp-content\/uploads\/2026\/02\/Capture-decran-2026-02-24-a-14.29.44-212x300.png 212w, https:\/\/www.terredesens.be\/wp-content\/uploads\/2026\/02\/Capture-decran-2026-02-24-a-14.29.44-768x1085.png 768w, https:\/\/www.terredesens.be\/wp-content\/uploads\/2026\/02\/Capture-decran-2026-02-24-a-14.29.44-1087x1536.png 1087w, https:\/\/www.terredesens.be\/wp-content\/uploads\/2026\/02\/Capture-decran-2026-02-24-a-14.29.44-82x116.png 82w, https:\/\/www.terredesens.be\/wp-content\/uploads\/2026\/02\/Capture-decran-2026-02-24-a-14.29.44.png 1414w\" sizes=\"auto, (max-width: 219px) 100vw, 219px\" \/><\/a><\/p>\n<p style=\"text-align: right;\"><a href=\"https:\/\/www.calameo.com\/read\/0065370857a1e91b3ea99\" target=\"_blank\" rel=\"noopener\"><strong><span style=\"color: #cf5e02;\">Consultez notre <\/span><span style=\"color: #cf5e02;\">brochure 2026 !<\/span><\/strong><\/a><\/p>\n<p>&nbsp;<\/p>\n<p style=\"text-align: center;\"><span style=\"color: #ff0000;\">! Notre ancien num\u00e9ro de t\u00e9l\u00e9phone (081.240.162) n&rsquo;est plus valable !<\/span><\/p>\n<p style=\"text-align: center;\"><span style=\"color: #ff0000;\">Merci de nous appeler d\u00e9sormais au 081.22.19.68<\/span><\/p>\n<p>&nbsp;<\/p>\n<p style=\"text-align: center;\"><em>Terre de sens a.s.b.l.<\/em><\/p>\n<p style=\"text-align: center;\"><em>Rue du S\u00e9minaire, 6 &#8211; 5000 Namur (BE) &#8211; Tel : +32(0)81.22.19.68 &#8211; contact@terredesens.be<\/em><\/p>\n","protected":false},"excerpt":{"rendered":"<p>&nbsp; \u00a0 \u00a0 Consultez notre brochure 2026 ! &nbsp; ! Notre ancien num\u00e9ro de t\u00e9l\u00e9phone (081.240.162) n&rsquo;est plus valable ! Merci de nous appeler d\u00e9sormais au 081.22.19.68 &nbsp; Terre de sens a.s.b.l. Rue du S\u00e9minaire, 6 &#8211; 5000 Namur (BE) &#8211; Tel : +32(0)81.22.19.68 &#8211; contact@terredesens.be<\/p>\n","protected":false},"author":1,"featured_media":0,"parent":0,"menu_order":0,"comment_status":"closed","ping_status":"closed","template":"","meta":{"site-sidebar-layout":"default","site-content-layout":"default","ast-site-content-layout":"default","site-content-style":"default","site-sidebar-style":"default","ast-global-header-display":"","ast-banner-title-visibility":"","ast-main-header-display":"","ast-hfb-above-header-display":"","ast-hfb-below-header-display":"disabled","ast-hfb-mobile-header-display":"","site-post-title":"disabled","ast-breadcrumbs-content":"","ast-featured-img":"","footer-sml-layout":"","ast-disable-related-posts":"","theme-transparent-header-meta":"default","adv-header-id-meta":"","stick-header-meta":"","header-above-stick-meta":"","header-main-stick-meta":"","header-below-stick-meta":"","astra-migrate-meta-layouts":"set","ast-page-background-enabled":"default","ast-page-background-meta":{"desktop":{"background-color":"var(--ast-global-color-4)","background-image":"","background-repeat":"repeat","background-position":"center center","background-size":"auto","background-attachment":"scroll","background-type":"","background-media":"","overlay-type":"","overlay-color":"","overlay-opacity":"","overlay-gradient":""},"tablet":{"background-color":"","background-image":"","background-repeat":"repeat","background-position":"center center","background-size":"auto","background-attachment":"scroll","background-type":"","background-media":"","overlay-type":"","overlay-color":"","overlay-opacity":"","overlay-gradient":""},"mobile":{"background-color":"","background-image":"","background-repeat":"repeat","background-position":"center center","background-size":"auto","background-attachment":"scroll","background-type":"","background-media":"","overlay-type":"","overlay-color":"","overlay-opacity":"","overlay-gradient":""}},"ast-content-background-meta":{"desktop":{"background-color":"var(--ast-global-color-5)","background-image":"","background-repeat":"repeat","background-position":"center center","background-size":"auto","background-attachment":"scroll","background-type":"","background-media":"","overlay-type":"","overlay-color":"","overlay-opacity":"","overlay-gradient":""},"tablet":{"background-color":"var(--ast-global-color-5)","background-image":"","background-repeat":"repeat","background-position":"center center","background-size":"auto","background-attachment":"scroll","background-type":"","background-media":"","overlay-type":"","overlay-color":"","overlay-opacity":"","overlay-gradient":""},"mobile":{"background-color":"var(--ast-global-color-5)","background-image":"","background-repeat":"repeat","background-position":"center center","background-size":"auto","background-attachment":"scroll","background-type":"","background-media":"","overlay-type":"","overlay-color":"","overlay-opacity":"","overlay-gradient":""}},"footnotes":""},"class_list":["post-104","page","type-page","status-publish","hentry"],"_links":{"self":[{"href":"https:\/\/www.terredesens.be\/index.php\/wp-json\/wp\/v2\/pages\/104","targetHints":{"allow":["GET"]}}],"collection":[{"href":"https:\/\/www.terredesens.be\/index.php\/wp-json\/wp\/v2\/pages"}],"about":[{"href":"https:\/\/www.terredesens.be\/index.php\/wp-json\/wp\/v2\/types\/page"}],"author":[{"embeddable":true,"href":"https:\/\/www.terredesens.be\/index.php\/wp-json\/wp\/v2\/users\/1"}],"replies":[{"embeddable":true,"href":"https:\/\/www.terredesens.be\/index.php\/wp-json\/wp\/v2\/comments?post=104"}],"version-history":[{"count":0,"href":"https:\/\/www.terredesens.be\/index.php\/wp-json\/wp\/v2\/pages\/104\/revisions"}],"wp:attachment":[{"href":"https:\/\/www.terredesens.be\/index.php\/wp-json\/wp\/v2\/media?parent=104"}],"curies":[{"name":"wp","href":"https:\/\/api.w.org\/{rel}","templated":true}]}}